{"id":571,"date":"2021-06-29T14:05:04","date_gmt":"2021-06-29T14:05:04","guid":{"rendered":"https:\/\/www.culturefitter.com\/ueber-uns\/"},"modified":"2021-07-16T11:42:49","modified_gmt":"2021-07-16T11:42:49","slug":"ueber-uns","status":"publish","type":"page","link":"https:\/\/www.culturefitter.com\/de\/ueber-uns\/","title":{"rendered":"\u00dcBER UNS"},"content":{"rendered":"\t\t<div data-elementor-type=\"wp-page\" data-elementor-id=\"571\" class=\"elementor elementor-571 elementor-6\" data-elementor-post-type=\"page\">\n\t\t\t\t\t\t<section class=\"elementor-section elementor-top-section elementor-element elementor-element-c78a56a elementor-section-height-min-height elementor-section-boxed elementor-section-height-default elementor-section-items-middle\" data-id=\"c78a56a\" data-element_type=\"section\" data-e-type=\"section\" data-settings=\"{&quot;background_background&quot;:&quot;classic&quot;}\">\n\t\t\t\t\t\t\t<div class=\"elementor-background-overlay\"><\/div>\n\t\t\t\t\t\t\t<div class=\"elementor-container elementor-column-gap-default\">\n\t\t\t\t\t<div class=\"elementor-column elementor-col-100 elementor-top-column elementor-element elementor-element-6851919\" data-id=\"6851919\" data-element_type=\"column\" data-e-type=\"column\">\n\t\t\t<div class=\"elementor-widget-wrap\">\n\t\t\t\t\t\t\t<\/div>\n\t\t<\/div>\n\t\t\t\t\t<\/div>\n\t\t<\/section>\n\t\t\t\t<section class=\"elementor-section elementor-top-section elementor-element elementor-element-d99f028 elementor-section-boxed elementor-section-height-default elementor-section-height-default\" data-id=\"d99f028\" data-element_type=\"section\" data-e-type=\"section\">\n\t\t\t\t\t\t<div class=\"elementor-container elementor-column-gap-default\">\n\t\t\t\t\t<div class=\"elementor-column elementor-col-50 elementor-top-column elementor-element elementor-element-a51be2c\" data-id=\"a51be2c\" data-element_type=\"column\" data-e-type=\"column\">\n\t\t\t<div class=\"elementor-widget-wrap elementor-element-populated\">\n\t\t\t\t\t\t<div class=\"elementor-element elementor-element-30e3109 elementor-widget elementor-widget-heading\" data-id=\"30e3109\" data-element_type=\"widget\" data-e-type=\"widget\" data-widget_type=\"heading.default\">\n\t\t\t\t<div class=\"elementor-widget-container\">\n\t\t\t\t\t<h1 class=\"elementor-heading-title elementor-size-default\">\u00dcBER UNS<\/h1>\t\t\t\t<\/div>\n\t\t\t\t<\/div>\n\t\t\t\t<div class=\"elementor-element elementor-element-ed9fcef elementor-widget elementor-widget-text-editor\" data-id=\"ed9fcef\" data-element_type=\"widget\" data-e-type=\"widget\" data-widget_type=\"text-editor.default\">\n\t\t\t\t<div class=\"elementor-widget-container\">\n\t\t\t\t\t\t\t\t\t<p>Was kann besser sein, als die richtigen Personen mit der richtigen Kultur zu verbinden? Eine Unternehmenskultur, in der sich die Menschen wiedererkennen und in der sie gerne arbeiten? Ein Ort, an dem Menschen lernen, ihr gesamtes Potenzial auszunutzen&#8230;<\/p>\n\t\t\t\t\t\t\t\t<\/div>\n\t\t\t\t<\/div>\n\t\t\t\t<div class=\"elementor-element elementor-element-e4c2913 elementor-widget elementor-widget-text-editor\" data-id=\"e4c2913\" data-element_type=\"widget\" data-e-type=\"widget\" data-widget_type=\"text-editor.default\">\n\t\t\t\t<div class=\"elementor-widget-container\">\n\t\t\t\t\t\t\t\t\t<h3>Das perfekte Match zwischen Mensch und Kultur<\/h3>\n<p>Culture Fitter bringt die richtigen Personen an den richtigen Platz &#8211; genau die Personen, die perfekt zur Unternehmenskultur passen. Menschen, die das Gef\u00fchl haben, Teil einer energetischen Maschine zu sein, die ihre ganze Energie weitergibt. Denn gerade diese gute Kombination zwischen Personen und Kultur l\u00e4sst die Mitarbeiter die Chemie sp\u00fcren, und sie tun Dinge, die zu ihnen passen, die sie gut k\u00f6nnen, und f\u00f6rdern so ihre Leidenschaft f\u00fcr ihre Arbeit. Glauben Sie nicht auch, dass sich das positiv auf Ihre Gesch\u00e4ftsergebnisse auswirken wird?<\/p>\n<p>Seien wir ehrlich: Sie wollen Ihre Mitarbeiter gl\u00fccklich sehen, nicht wahr? Sie m\u00f6chten, dass sie gerne hart arbeiten und gleichzeitig sicherstellen, dass sie sich wohlf\u00fchlen, wenn sie gemeinsam Fortschritte machen. Das k\u00f6nnen nur die richtigen Personen am richtigen Platz. Sie erleben mehr Arbeitsfreude, bleiben l\u00e4nger in Ihrem Unternehmen, entwickeln sich weiter und wachsen.<\/p>\n<h3>Mehr Dynamik, Einsatz und Leidenschaft<\/h3>\n<p>Nachwuchs in ein Team zu bringen, beschleunigt h\u00e4ufig den Ver\u00e4nderungsprozess. Der funktioniert als eine Art Botschafter f\u00fcr die Art von Ver\u00e4nderung, die Sie sehen wollen, und f\u00fchrt insgesamt zu mehr Energie.<\/p>\n<p>Die perfekte \u00dcbereinstimmung zwischen Menschen und Kultur f\u00fchrt zu mehr Dynamik, Engagement und Leidenschaft. Mit der zus\u00e4tzlichen Energie tragen Sie direkt zu besseren Ergebnissen und nachhaltigem Unternehmenswachstum bei.<\/p>\n<h3>Pers\u00f6nliche Aufmerksamkeit<\/h3>\n<p>Culture Fitter glaubt nicht an \u201eUniversalkonzepte\u201c. Es geht vielmehr um Menschen. Und Ma\u00dfarbeit. Egal, ob Sie Kunde oder Kandidat sind, Sie werden aufrichtig und pers\u00f6nlich betreut. Wer sind Sie, was wollen Sie, wof\u00fcr stehen Sie, wohin wollen Sie? Wir f\u00fchren ausf\u00fchrliche Interviews mit Ihnen, damit wir Sie wirklich kennen lernen. Und bei Bedarf, f\u00fchren wir Analysen und Tests durch. Das Ergebnis ist ein Gesamtbild &#8211; Ihres Teams, Ihrer Organisation und Ihres neuen Kandidaten.<\/p>\n<h3>Globales Netzwerk<\/h3>\n<p>Sie wollen ein lokales Team im Ausland aufbauen oder \u201enur\u201c Ihr Unternehmen vor Ort erweitern? Dank eines st\u00e4ndig wachsenden Netzwerks kann Culture Fitter schnell die richtige Wahl treffen. Weltweit.<\/p>\n\t\t\t\t\t\t\t\t<\/div>\n\t\t\t\t<\/div>\n\t\t\t\t\t<\/div>\n\t\t<\/div>\n\t\t\t\t<div class=\"elementor-column elementor-col-50 elementor-top-column elementor-element elementor-element-2dd770b\" data-id=\"2dd770b\" data-element_type=\"column\" data-e-type=\"column\">\n\t\t\t<div class=\"elementor-widget-wrap\">\n\t\t\t\t\t\t\t<\/div>\n\t\t<\/div>\n\t\t\t\t\t<\/div>\n\t\t<\/section>\n\t\t\t\t<section class=\"elementor-section elementor-top-section elementor-element elementor-element-1fa851a elementor-section-boxed elementor-section-height-default elementor-section-height-default\" data-id=\"1fa851a\" data-element_type=\"section\" data-e-type=\"section\" data-settings=\"{&quot;background_background&quot;:&quot;classic&quot;}\">\n\t\t\t\t\t\t<div class=\"elementor-container elementor-column-gap-default\">\n\t\t\t\t\t<div class=\"elementor-column elementor-col-50 elementor-top-column elementor-element elementor-element-28d0fe3\" data-id=\"28d0fe3\" data-element_type=\"column\" data-e-type=\"column\">\n\t\t\t<div class=\"elementor-widget-wrap elementor-element-populated\">\n\t\t\t\t\t\t<div class=\"elementor-element elementor-element-80c00ae elementor-widget elementor-widget-image\" data-id=\"80c00ae\" data-element_type=\"widget\" data-e-type=\"widget\" data-widget_type=\"image.default\">\n\t\t\t\t<div class=\"elementor-widget-container\">\n\t\t\t\t\t\t\t\t\t\t\t\t\t\t\t<img fetchpriority=\"high\" decoding=\"async\" width=\"689\" height=\"1000\" src=\"https:\/\/www.culturefitter.com\/wp-content\/uploads\/2021\/06\/Sander-Bruinsma.jpg\" class=\"attachment-medium_large size-medium_large wp-image-746\" alt=\"\" srcset=\"https:\/\/www.culturefitter.com\/wp-content\/uploads\/2021\/06\/Sander-Bruinsma.jpg 689w, https:\/\/www.culturefitter.com\/wp-content\/uploads\/2021\/06\/Sander-Bruinsma-207x300.jpg 207w\" sizes=\"(max-width: 689px) 100vw, 689px\" \/>\t\t\t\t\t\t\t\t\t\t\t\t\t\t\t<\/div>\n\t\t\t\t<\/div>\n\t\t\t\t\t<\/div>\n\t\t<\/div>\n\t\t\t\t<div class=\"elementor-column elementor-col-50 elementor-top-column elementor-element elementor-element-1a16793\" data-id=\"1a16793\" data-element_type=\"column\" data-e-type=\"column\">\n\t\t\t<div class=\"elementor-widget-wrap elementor-element-populated\">\n\t\t\t\t\t\t<div class=\"elementor-element elementor-element-48e7151 elementor-widget elementor-widget-heading\" data-id=\"48e7151\" data-element_type=\"widget\" data-e-type=\"widget\" data-widget_type=\"heading.default\">\n\t\t\t\t<div class=\"elementor-widget-container\">\n\t\t\t\t\t<h2 class=\"elementor-heading-title elementor-size-default\">\u00dcber den Gr\u00fcnder: Sander Bruinsma<\/h2>\t\t\t\t<\/div>\n\t\t\t\t<\/div>\n\t\t\t\t<div class=\"elementor-element elementor-element-a342915 elementor-hidden-phone elementor-widget elementor-widget-image\" data-id=\"a342915\" data-element_type=\"widget\" data-e-type=\"widget\" data-widget_type=\"image.default\">\n\t\t\t\t<div class=\"elementor-widget-container\">\n\t\t\t\t\t\t\t\t\t\t\t\t\t\t\t<img decoding=\"async\" width=\"588\" height=\"10\" src=\"https:\/\/www.culturefitter.com\/wp-content\/uploads\/2021\/06\/Mask-Group-2.svg\" class=\"attachment-full size-full wp-image-745\" alt=\"\" \/>\t\t\t\t\t\t\t\t\t\t\t\t\t\t\t<\/div>\n\t\t\t\t<\/div>\n\t\t\t\t<div class=\"elementor-element elementor-element-d3989ea elementor-hidden-desktop elementor-hidden-tablet elementor-widget elementor-widget-image\" data-id=\"d3989ea\" data-element_type=\"widget\" data-e-type=\"widget\" data-widget_type=\"image.default\">\n\t\t\t\t<div class=\"elementor-widget-container\">\n\t\t\t\t\t\t\t\t\t\t\t\t\t\t\t<img decoding=\"async\" width=\"284\" height=\"10\" src=\"https:\/\/www.culturefitter.com\/wp-content\/uploads\/2021\/06\/lijn_284x10px_blauw.jpg\" class=\"attachment-full size-full wp-image-550\" alt=\"\" \/>\t\t\t\t\t\t\t\t\t\t\t\t\t\t\t<\/div>\n\t\t\t\t<\/div>\n\t\t\t\t<div class=\"elementor-element elementor-element-c407e60 elementor-widget elementor-widget-text-editor\" data-id=\"c407e60\" data-element_type=\"widget\" data-e-type=\"widget\" data-widget_type=\"text-editor.default\">\n\t\t\t\t<div class=\"elementor-widget-container\">\n\t\t\t\t\t\t\t\t\t<p>Sander Bruinsma hat seit 1997 verschiedene kaufm\u00e4nnische Funktionen erf\u00fcllt &#8211; sowohl auf Managementebene als auch auf strategischer Ebene- und die Zeit war reif f\u00fcr den n\u00e4chsten Schritt. Culture Fitter ist genau das, wof\u00fcr Sander steht: eine Personalvermittlung, die ergebnisorientiert, kreativ und analytisch ist und den Menschen Interesse und Aufmerksamkeit bietet.<\/p>\n<p>Sanders\u00b4 Leidenschaft f\u00fcr das Internationale, f\u00fcr Menschen und Kultur im weitesten Sinne des Wortes gemeinsam mit Strategie, ist die Basis dieses herausragenden Personaldienstleisters. Nachdem er viele Jahre gereist ist und auf der ganzen Welt gelebt hat, hat Sander sein Zuhause gefunden. Bei Culture Fitter.<\/p>\n\t\t\t\t\t\t\t\t<\/div>\n\t\t\t\t<\/div>\n\t\t\t\t\t<\/div>\n\t\t<\/div>\n\t\t\t\t\t<\/div>\n\t\t<\/section>\n\t\t\t\t<section class=\"elementor-section elementor-top-section elementor-element elementor-element-94009fa elementor-section-boxed elementor-section-height-default elementor-section-height-default\" data-id=\"94009fa\" data-element_type=\"section\" data-e-type=\"section\">\n\t\t\t\t\t\t<div class=\"elementor-container elementor-column-gap-default\">\n\t\t\t\t\t<div class=\"elementor-column elementor-col-50 elementor-top-column elementor-element elementor-element-9d70e06\" data-id=\"9d70e06\" data-element_type=\"column\" data-e-type=\"column\">\n\t\t\t<div class=\"elementor-widget-wrap elementor-element-populated\">\n\t\t\t\t\t\t<div class=\"elementor-element elementor-element-e4c4a5d elementor-widget elementor-widget-heading\" data-id=\"e4c4a5d\" data-element_type=\"widget\" data-e-type=\"widget\" data-widget_type=\"heading.default\">\n\t\t\t\t<div class=\"elementor-widget-container\">\n\t\t\t\t\t<h2 class=\"elementor-heading-title elementor-size-default\">MARKENPHILOSOPHIE<\/h2>\t\t\t\t<\/div>\n\t\t\t\t<\/div>\n\t\t\t\t<div class=\"elementor-element elementor-element-fc954f0 elementor-widget elementor-widget-text-editor\" data-id=\"fc954f0\" data-element_type=\"widget\" data-e-type=\"widget\" data-widget_type=\"text-editor.default\">\n\t\t\t\t<div class=\"elementor-widget-container\">\n\t\t\t\t\t\t\t\t\t<p>Unternehmerisches Denken hei\u00dft nicht nur Gewinnorientiertes Denken. Vielmehr noch: Culture Fitter glaubt an Menschen und Mission um diesen Gewinn zu erzielen. Wenn sich die Mitarbeiter wohl f\u00fchlen, ergeben sich die Gesch\u00e4ftsergebnisse. Es geht darum, Verantwortung zu \u00fcbernehmen und eine wachstumsf\u00f6rdernde Unternehmenskultur zu schaffen. Deshalb helfen wir Unternehmen der PSA-Branche weltweit, die bestm\u00f6glichen Kandidaten zu finden: Fachleute, die f\u00fcr den Job geeignet sind und zur Unternehmenskultur passen.<\/p>\n\t\t\t\t\t\t\t\t<\/div>\n\t\t\t\t<\/div>\n\t\t\t\t<div class=\"elementor-element elementor-element-7b2dbf7 elementor-position-inline-start elementor-view-default elementor-mobile-position-block-start elementor-widget elementor-widget-icon-box\" data-id=\"7b2dbf7\" data-element_type=\"widget\" data-e-type=\"widget\" data-widget_type=\"icon-box.default\">\n\t\t\t\t<div class=\"elementor-widget-container\">\n\t\t\t\t\t\t\t<div class=\"elementor-icon-box-wrapper\">\n\n\t\t\t\t\t\t<div class=\"elementor-icon-box-icon\">\n\t\t\t\t<span  class=\"elementor-icon\">\n\t\t\t\t<svg xmlns=\"http:\/\/www.w3.org\/2000\/svg\" width=\"100\" height=\"100\" viewBox=\"0 0 100 100\"><g id=\"vision\" transform=\"translate(-227 -834)\"><rect id=\"Rectangle_15\" data-name=\"Rectangle 15\" width=\"100\" height=\"100\" transform=\"translate(227 834)\" fill=\"none\"><\/rect><g id=\"Laag_2\" data-name=\"Laag 2\" transform=\"translate(235.326 840.349)\"><g id=\"Icons\" transform=\"translate(0 0)\"><g id=\"Group_43\" data-name=\"Group 43\"><ellipse id=\"Ellipse_23\" data-name=\"Ellipse 23\" cx=\"1.663\" cy=\"1.663\" rx=\"1.663\" ry=\"1.663\" transform=\"translate(36.786 43.237)\" fill=\"none\" stroke=\"#262626\" stroke-linecap=\"round\" stroke-linejoin=\"round\" stroke-width=\"2\"><\/ellipse><path id=\"Path_139\" data-name=\"Path 139\" d=\"M66.368,16.227a38.348,38.348,0,1,0,4.29,5.122\" transform=\"translate(-0.879 1.633)\" fill=\"none\" stroke=\"#262626\" stroke-linecap=\"round\" stroke-linejoin=\"round\" stroke-width=\"2\"><\/path><path id=\"Path_140\" data-name=\"Path 140\" d=\"M51.7,20.337a25.078,25.078,0,1,0,4.058,5.355\" transform=\"translate(4.397 6.92)\" fill=\"none\" stroke=\"#262626\" stroke-linecap=\"round\" stroke-linejoin=\"round\" stroke-width=\"2\"><\/path><path id=\"Path_141\" data-name=\"Path 141\" d=\"M36.956,24.443a11.641,11.641,0,1,0,3.326,8.232,11.841,11.841,0,0,0-.183-2.045\" transform=\"translate(9.808 12.226)\" fill=\"none\" stroke=\"#262626\" stroke-linecap=\"round\" stroke-linejoin=\"round\" stroke-width=\"2\"><\/path><line id=\"Line_21\" data-name=\"Line 21\" x1=\"39.911\" y2=\"39.911\" transform=\"translate(38.449 4.989)\" fill=\"none\" stroke=\"#262626\" stroke-linecap=\"round\" stroke-linejoin=\"round\" stroke-width=\"2\"><\/line><path id=\"Path_142\" data-name=\"Path 142\" d=\"M50.978,5,57.63,8.326l-6.652,6.652H41\" transform=\"translate(25.719 1.652)\" fill=\"none\" stroke=\"#262626\" stroke-linecap=\"round\" stroke-linejoin=\"round\" stroke-width=\"2\"><\/path><path id=\"Path_143\" data-name=\"Path 143\" d=\"M50.978,7.652,47.652,1,41,7.652V17.63\" transform=\"translate(25.719 -1)\" fill=\"none\" stroke=\"#262626\" stroke-linecap=\"round\" stroke-linejoin=\"round\" stroke-width=\"2\"><\/path><\/g><\/g><\/g><\/g><\/svg>\t\t\t\t<\/span>\n\t\t\t<\/div>\n\t\t\t\n\t\t\t\t\t\t<div class=\"elementor-icon-box-content\">\n\n\t\t\t\t\t\t\t\t\t<h4 class=\"elementor-icon-box-title\">\n\t\t\t\t\t\t<span  >\n\t\t\t\t\t\t\tVision\t\t\t\t\t\t<\/span>\n\t\t\t\t\t<\/h4>\n\t\t\t\t\n\t\t\t\t\t\t\t\t\t<p class=\"elementor-icon-box-description\">\n\t\t\t\t\t\tWir helfen Unternehmen der PSA-Branche und Menschen auf der ganzen Welt, ihre Wachstumsambitionen voll auszusch\u00f6pfen, indem wir die Unternehmenskultur und den Kandidaten perfekt aufeinander abstimmen.\t\t\t\t\t<\/p>\n\t\t\t\t\n\t\t\t<\/div>\n\t\t\t\n\t\t<\/div>\n\t\t\t\t\t\t<\/div>\n\t\t\t\t<\/div>\n\t\t\t\t<div class=\"elementor-element elementor-element-22d4565 elementor-position-inline-start elementor-view-default elementor-mobile-position-block-start elementor-widget elementor-widget-icon-box\" data-id=\"22d4565\" data-element_type=\"widget\" data-e-type=\"widget\" data-widget_type=\"icon-box.default\">\n\t\t\t\t<div class=\"elementor-widget-container\">\n\t\t\t\t\t\t\t<div class=\"elementor-icon-box-wrapper\">\n\n\t\t\t\t\t\t<div class=\"elementor-icon-box-icon\">\n\t\t\t\t<span  class=\"elementor-icon\">\n\t\t\t\t<svg xmlns=\"http:\/\/www.w3.org\/2000\/svg\" width=\"100\" height=\"100\" viewBox=\"0 0 100 100\"><g id=\"mission\" transform=\"translate(-227 -834)\"><rect id=\"Rectangle_15\" data-name=\"Rectangle 15\" width=\"100\" height=\"100\" transform=\"translate(227 834)\" fill=\"none\"><\/rect><g id=\"Laag_2\" data-name=\"Laag 2\" transform=\"translate(245.078 845.265)\"><g id=\"Icons\" transform=\"translate(0 0)\"><g id=\"Group_42\" data-name=\"Group 42\"><ellipse id=\"Ellipse_22\" data-name=\"Ellipse 22\" cx=\"8.315\" cy=\"8.315\" rx=\"8.315\" ry=\"8.315\" transform=\"translate(8.315)\" fill=\"none\" stroke=\"#262626\" stroke-linecap=\"round\" stroke-linejoin=\"round\" stroke-width=\"2\"><\/ellipse><path id=\"Path_136\" data-name=\"Path 136\" d=\"M24.956,26.97V69.226a1.663,1.663,0,0,1-1.663,1.663H6.663A1.663,1.663,0,0,1,5,69.226V21\" transform=\"translate(1.652 12.259)\" fill=\"none\" stroke=\"#262626\" stroke-linecap=\"round\" stroke-linejoin=\"round\" stroke-width=\"2\"><\/path><line id=\"Line_19\" data-name=\"Line 19\" y2=\"28.271\" transform=\"translate(16.63 54.878)\" fill=\"none\" stroke=\"#262626\" stroke-linecap=\"round\" stroke-linejoin=\"round\" stroke-width=\"2\"><\/line><path id=\"Path_137\" data-name=\"Path 137\" d=\"M7.652,47.922A6.652,6.652,0,0,1,1,41.271V20.833a6.652,6.652,0,0,1,4.174-6.17L9.315,13l8.315,8.315L25.945,13l4.141,1.663a6.652,6.652,0,0,1,4.174,6.17V30.894a1.663,1.663,0,0,0,.482,1.164l6.735,6.735a3.476,3.476,0,0,1,.482,4.407,3.326,3.326,0,0,1-4.989.416L29.137,35.8a4.989,4.989,0,0,1-1.53-3.526V26.3\" transform=\"translate(-1 6.956)\" fill=\"none\" stroke=\"#262626\" stroke-linecap=\"round\" stroke-linejoin=\"round\" stroke-width=\"2\"><\/path><line id=\"Line_20\" data-name=\"Line 20\" y2=\"79.823\" transform=\"translate(43.237 3.326)\" fill=\"none\" stroke=\"#262626\" stroke-linecap=\"round\" stroke-linejoin=\"round\" stroke-width=\"2\"><\/line><path id=\"Path_138\" data-name=\"Path 138\" d=\"M53.608,19.63H27V3H53.608l-6.652,8.315Z\" transform=\"translate(16.237 0.326)\" fill=\"none\" stroke=\"#262626\" stroke-linecap=\"round\" stroke-linejoin=\"round\" stroke-width=\"2\"><\/path><\/g><\/g><\/g><\/g><\/svg>\t\t\t\t<\/span>\n\t\t\t<\/div>\n\t\t\t\n\t\t\t\t\t\t<div class=\"elementor-icon-box-content\">\n\n\t\t\t\t\t\t\t\t\t<h4 class=\"elementor-icon-box-title\">\n\t\t\t\t\t\t<span  >\n\t\t\t\t\t\t\tMission\t\t\t\t\t\t<\/span>\n\t\t\t\t\t<\/h4>\n\t\t\t\t\n\t\t\t\t\t\t\t\t\t<p class=\"elementor-icon-box-description\">\n\t\t\t\t\t\tWir verbinden die bestgeeigneten Fachleuten mit Unternehmen der globalen PSA-Branche mit einer Leidenschaft f\u00fcr Menschen und Unternehmertum.\t\t\t\t\t<\/p>\n\t\t\t\t\n\t\t\t<\/div>\n\t\t\t\n\t\t<\/div>\n\t\t\t\t\t\t<\/div>\n\t\t\t\t<\/div>\n\t\t\t\t<div class=\"elementor-element elementor-element-5ae0c6e elementor-position-inline-start elementor-view-default elementor-mobile-position-block-start elementor-widget elementor-widget-icon-box\" data-id=\"5ae0c6e\" data-element_type=\"widget\" data-e-type=\"widget\" data-widget_type=\"icon-box.default\">\n\t\t\t\t<div class=\"elementor-widget-container\">\n\t\t\t\t\t\t\t<div class=\"elementor-icon-box-wrapper\">\n\n\t\t\t\t\t\t<div class=\"elementor-icon-box-icon\">\n\t\t\t\t<span  class=\"elementor-icon\">\n\t\t\t\t<svg xmlns=\"http:\/\/www.w3.org\/2000\/svg\" width=\"100\" height=\"100\" viewBox=\"0 0 100 100\"><g id=\"values\" transform=\"translate(-226 -834)\"><rect id=\"Rectangle_15\" data-name=\"Rectangle 15\" width=\"100\" height=\"100\" transform=\"translate(226 834)\" fill=\"none\"><\/rect><g id=\"Icons\" transform=\"translate(227 842.426)\"><g id=\"Group_41\" data-name=\"Group 41\"><path id=\"Path_132\" data-name=\"Path 132\" d=\"M39,5H58.956V18.071A6.652,6.652,0,0,1,56,23.609L39,34.934\" transform=\"translate(24.193 1.652)\" fill=\"none\" stroke=\"#262626\" stroke-linecap=\"round\" stroke-linejoin=\"round\" stroke-width=\"2\"><\/path><path id=\"Path_133\" data-name=\"Path 133\" d=\"M20.956,5H1V18.071a6.652,6.652,0,0,0,2.96,5.538l17,11.325\" transform=\"translate(-1 1.652)\" fill=\"none\" stroke=\"#262626\" stroke-linecap=\"round\" stroke-linejoin=\"round\" stroke-width=\"2\"><\/path><path id=\"Path_134\" data-name=\"Path 134\" d=\"M56.237,43.838V1H13V43.838a6.652,6.652,0,0,0,3.16,5.671l13.47,8.315V72.508L15.378,76.782A3.326,3.326,0,0,0,13,79.975v4.174H56.237V79.975a3.326,3.326,0,0,0-2.378-3.193L39.608,72.508V57.791l13.47-8.315A6.652,6.652,0,0,0,56.237,43.838Z\" transform=\"translate(6.956 -1)\" fill=\"none\" stroke=\"#262626\" stroke-linecap=\"round\" stroke-linejoin=\"round\" stroke-width=\"2\"><\/path><path id=\"Path_135\" data-name=\"Path 135\" d=\"M30.641,28.307l-7.2,3.975,1.38-8.431L19,17.9l8.032-1.231L30.641,9l3.609,7.666L42.282,17.9l-5.82,5.953,1.38,8.431Z\" transform=\"translate(10.933 4.304)\" fill=\"none\" stroke=\"#262626\" stroke-linecap=\"round\" stroke-linejoin=\"round\" stroke-width=\"2\"><\/path><\/g><\/g><\/g><\/svg>\t\t\t\t<\/span>\n\t\t\t<\/div>\n\t\t\t\n\t\t\t\t\t\t<div class=\"elementor-icon-box-content\">\n\n\t\t\t\t\t\t\t\t\t<h4 class=\"elementor-icon-box-title\">\n\t\t\t\t\t\t<span  >\n\t\t\t\t\t\t\tUNSERE GRUNDWERTE\t\t\t\t\t\t<\/span>\n\t\t\t\t\t<\/h4>\n\t\t\t\t\n\t\t\t\t\t\t\t\t\t<p class=\"elementor-icon-box-description\">\n\t\t\t\t\t\t<b>Leidenschaft: <\/b>Alles, was wir tun, tun wir mit Leidenschaft. Wir nutzen diese Energie, um Sch\u00f6nes zu entfachen, zu inspirieren und das beste Ergebnis zu erzielen - f\u00fcr Unternehmen und Kandidaten.<br><br>\r\n\r\n<b>Botschafter: <\/b>Wir agieren als gute Moderatoren, damit sich Mitarbeiter, Marken und Unternehmen gut vertreten f\u00fchlen.<br><br>\r\n\r\n<b>Verl\u00e4sslichkeit:<\/b> Wir sagen, was wir tun, und wir tun, was wir sagen. Auf transparente, sorgf\u00e4ltige und verantwortungsvolle Weise. <br><br>\r\n\r\n<b>Inklusive F\u00fchrung:<\/b> Mitarbeiter einzubeziehen, zu motivieren und wertzusch\u00e4tzen f\u00fchrt zu Wachstum und Zufriedenheit. Mit guter F\u00fchrung tragen wir dazu bei, die Welt jeden Tag ein bisschen besser zu machen.<br><br>\r\n\r\n<b>Vielfalt:<\/b> Culture Fitter glaubt, dass Menschen mit unterschiedlichen Ideen, Interessen und kulturellen Hintergr\u00fcnden f\u00fcr das Wachstum eines Unternehmens notwendig sind. Wir ermutigen zu guten Gespr\u00e4chen und Meinungsverschiedenheiten. Und wir finden es wichtig, dass Menschen sie selbst sein k\u00f6nnen.\t\t\t\t\t<\/p>\n\t\t\t\t\n\t\t\t<\/div>\n\t\t\t\n\t\t<\/div>\n\t\t\t\t\t\t<\/div>\n\t\t\t\t<\/div>\n\t\t\t\t\t<\/div>\n\t\t<\/div>\n\t\t\t\t<div class=\"elementor-column elementor-col-50 elementor-top-column elementor-element elementor-element-3aded64\" data-id=\"3aded64\" data-element_type=\"column\" data-e-type=\"column\">\n\t\t\t<div class=\"elementor-widget-wrap\">\n\t\t\t\t\t\t\t<\/div>\n\t\t<\/div>\n\t\t\t\t\t<\/div>\n\t\t<\/section>\n\t\t\t\t<section class=\"elementor-section elementor-top-section elementor-element elementor-element-2f27199 elementor-section-boxed elementor-section-height-default elementor-section-height-default\" data-id=\"2f27199\" data-element_type=\"section\" data-e-type=\"section\" data-settings=\"{&quot;background_background&quot;:&quot;classic&quot;}\">\n\t\t\t\t\t\t<div class=\"elementor-container elementor-column-gap-default\">\n\t\t\t\t\t<div class=\"elementor-column elementor-col-50 elementor-top-column elementor-element elementor-element-0d05513\" data-id=\"0d05513\" data-element_type=\"column\" data-e-type=\"column\">\n\t\t\t<div class=\"elementor-widget-wrap elementor-element-populated\">\n\t\t\t\t\t\t<div class=\"elementor-element elementor-element-71b916a elementor-widget elementor-widget-heading\" data-id=\"71b916a\" data-element_type=\"widget\" data-e-type=\"widget\" data-widget_type=\"heading.default\">\n\t\t\t\t<div class=\"elementor-widget-container\">\n\t\t\t\t\t<h4 class=\"elementor-heading-title elementor-size-default\">NEUGIERIG?<\/h4>\t\t\t\t<\/div>\n\t\t\t\t<\/div>\n\t\t\t\t<div class=\"elementor-element elementor-element-bb77598 elementor-widget elementor-widget-text-editor\" data-id=\"bb77598\" data-element_type=\"widget\" data-e-type=\"widget\" data-widget_type=\"text-editor.default\">\n\t\t\t\t<div class=\"elementor-widget-container\">\n\t\t\t\t\t\t\t\t\t<p>Gespannt was die M\u00f6glichkeiten sind? Schicken sie uns eine E-mail oder besser noch rufen sie uns an!<\/p>\n\t\t\t\t\t\t\t\t<\/div>\n\t\t\t\t<\/div>\n\t\t\t\t\t<\/div>\n\t\t<\/div>\n\t\t\t\t<div class=\"elementor-column elementor-col-50 elementor-top-column elementor-element elementor-element-ecfc764\" data-id=\"ecfc764\" data-element_type=\"column\" data-e-type=\"column\">\n\t\t\t<div class=\"elementor-widget-wrap elementor-element-populated\">\n\t\t\t\t\t\t<div class=\"elementor-element elementor-element-bbbd79d elementor-align-center elementor-mobile-align-left elementor-widget elementor-widget-button\" data-id=\"bbbd79d\" data-element_type=\"widget\" data-e-type=\"widget\" data-widget_type=\"button.default\">\n\t\t\t\t<div class=\"elementor-widget-container\">\n\t\t\t\t\t\t\t\t\t<div class=\"elementor-button-wrapper\">\n\t\t\t\t\t<a class=\"elementor-button elementor-button-link elementor-size-sm\" href=\"https:\/\/www.culturefitter.com\/de\/kontakt\/\">\n\t\t\t\t\t\t<span class=\"elementor-button-content-wrapper\">\n\t\t\t\t\t\t\t\t\t<span class=\"elementor-button-text\">Kontaktieren sie uns<\/span>\n\t\t\t\t\t<\/span>\n\t\t\t\t\t<\/a>\n\t\t\t\t<\/div>\n\t\t\t\t\t\t\t\t<\/div>\n\t\t\t\t<\/div>\n\t\t\t\t\t<\/div>\n\t\t<\/div>\n\t\t\t\t\t<\/div>\n\t\t<\/section>\n\t\t\t\t<\/div>\n\t\t","protected":false},"excerpt":{"rendered":"<p>\u00dcBER UNS Was kann besser sein, als die richtigen Personen mit der richtigen Kultur zu verbinden? Eine Unternehmenskultur, in der sich die Menschen wiedererkennen und in der sie gerne arbeiten? Ein Ort, an dem Menschen lernen, ihr gesamtes Potenzial auszunutzen&#8230; Das perfekte Match zwischen Mensch und Kultur Culture Fitter bringt die richtigen Personen an den [&hellip;]<\/p>\n","protected":false},"author":1,"featured_media":0,"parent":0,"menu_order":0,"comment_status":"closed","ping_status":"closed","template":"","meta":{"_acf_changed":false,"footnotes":""},"class_list":["post-571","page","type-page","status-publish","hentry"],"acf":[],"_links":{"self":[{"href":"https:\/\/www.culturefitter.com\/de\/wp-json\/wp\/v2\/pages\/571","targetHints":{"allow":["GET"]}}],"collection":[{"href":"https:\/\/www.culturefitter.com\/de\/wp-json\/wp\/v2\/pages"}],"about":[{"href":"https:\/\/www.culturefitter.com\/de\/wp-json\/wp\/v2\/types\/page"}],"author":[{"embeddable":true,"href":"https:\/\/www.culturefitter.com\/de\/wp-json\/wp\/v2\/users\/1"}],"replies":[{"embeddable":true,"href":"https:\/\/www.culturefitter.com\/de\/wp-json\/wp\/v2\/comments?post=571"}],"version-history":[{"count":4,"href":"https:\/\/www.culturefitter.com\/de\/wp-json\/wp\/v2\/pages\/571\/revisions"}],"predecessor-version":[{"id":902,"href":"https:\/\/www.culturefitter.com\/de\/wp-json\/wp\/v2\/pages\/571\/revisions\/902"}],"wp:attachment":[{"href":"https:\/\/www.culturefitter.com\/de\/wp-json\/wp\/v2\/media?parent=571"}],"curies":[{"name":"wp","href":"https:\/\/api.w.org\/{rel}","templated":true}]}}