{"id":586,"date":"2021-06-29T14:09:11","date_gmt":"2021-06-29T14:09:11","guid":{"rendered":"https:\/\/www.culturefitter.com\/contactez-nous\/"},"modified":"2021-07-15T06:56:22","modified_gmt":"2021-07-15T06:56:22","slug":"contactez-nous","status":"publish","type":"page","link":"https:\/\/www.culturefitter.com\/fr\/contactez-nous\/","title":{"rendered":"CONTACTEZ-NOUS"},"content":{"rendered":"\t\t<div data-elementor-type=\"wp-page\" data-elementor-id=\"586\" class=\"elementor elementor-586 elementor-12\" data-elementor-post-type=\"page\">\n\t\t\t\t\t\t<section class=\"elementor-section elementor-top-section elementor-element elementor-element-9b9299b elementor-section-height-min-height elementor-section-boxed elementor-section-height-default elementor-section-items-middle\" data-id=\"9b9299b\" data-element_type=\"section\" data-e-type=\"section\" data-settings=\"{&quot;background_background&quot;:&quot;classic&quot;}\">\n\t\t\t\t\t\t\t<div class=\"elementor-background-overlay\"><\/div>\n\t\t\t\t\t\t\t<div class=\"elementor-container elementor-column-gap-default\">\n\t\t\t\t\t<div class=\"elementor-column elementor-col-100 elementor-top-column elementor-element elementor-element-43aa849\" data-id=\"43aa849\" data-element_type=\"column\" data-e-type=\"column\">\n\t\t\t<div class=\"elementor-widget-wrap\">\n\t\t\t\t\t\t\t<\/div>\n\t\t<\/div>\n\t\t\t\t\t<\/div>\n\t\t<\/section>\n\t\t\t\t<section class=\"elementor-section elementor-top-section elementor-element elementor-element-743bd67 elementor-section-boxed elementor-section-height-default elementor-section-height-default\" data-id=\"743bd67\" data-element_type=\"section\" data-e-type=\"section\">\n\t\t\t\t\t\t<div class=\"elementor-container elementor-column-gap-default\">\n\t\t\t\t\t<div class=\"elementor-column elementor-col-100 elementor-top-column elementor-element elementor-element-85273dd\" data-id=\"85273dd\" data-element_type=\"column\" data-e-type=\"column\">\n\t\t\t<div class=\"elementor-widget-wrap elementor-element-populated\">\n\t\t\t\t\t\t<div class=\"elementor-element elementor-element-cc5fc07 elementor-widget elementor-widget-heading\" data-id=\"cc5fc07\" data-element_type=\"widget\" data-e-type=\"widget\" data-widget_type=\"heading.default\">\n\t\t\t\t<div class=\"elementor-widget-container\">\n\t\t\t\t\t<h1 class=\"elementor-heading-title elementor-size-default\">CONTACTEZ-NOUS<\/h1>\t\t\t\t<\/div>\n\t\t\t\t<\/div>\n\t\t\t\t<div class=\"elementor-element elementor-element-faa41b6 elementor-widget elementor-widget-text-editor\" data-id=\"faa41b6\" data-element_type=\"widget\" data-e-type=\"widget\" data-widget_type=\"text-editor.default\">\n\t\t\t\t<div class=\"elementor-widget-container\">\n\t\t\t\t\t\t\t\t\t<p>Avez-vous des questions concernant nos services? Ou, souhaitez-vous postuler pour un job? Contactez-nous aux coordonn\u00e9es indiqu\u00e9es ci-dessous ou remplissez le formulaire de contact. Nous vous contacterons le plus vite possible!<\/p>\n\t\t\t\t\t\t\t\t<\/div>\n\t\t\t\t<\/div>\n\t\t\t\t\t<\/div>\n\t\t<\/div>\n\t\t\t\t\t<\/div>\n\t\t<\/section>\n\t\t\t\t<section class=\"elementor-section elementor-top-section elementor-element elementor-element-f93d059 elementor-section-boxed elementor-section-height-default elementor-section-height-default\" data-id=\"f93d059\" data-element_type=\"section\" data-e-type=\"section\" data-settings=\"{&quot;background_background&quot;:&quot;classic&quot;}\">\n\t\t\t\t\t\t<div class=\"elementor-container elementor-column-gap-default\">\n\t\t\t\t\t<div class=\"elementor-column elementor-col-50 elementor-top-column elementor-element elementor-element-4341fa8\" data-id=\"4341fa8\" data-element_type=\"column\" data-e-type=\"column\">\n\t\t\t<div class=\"elementor-widget-wrap elementor-element-populated\">\n\t\t\t\t\t\t<div class=\"elementor-element elementor-element-dd4c3f6 elementor-widget elementor-widget-heading\" data-id=\"dd4c3f6\" data-element_type=\"widget\" data-e-type=\"widget\" data-widget_type=\"heading.default\">\n\t\t\t\t<div class=\"elementor-widget-container\">\n\t\t\t\t\t<h3 class=\"elementor-heading-title elementor-size-default\">FORMULAIRE DE CONTACT<\/h3>\t\t\t\t<\/div>\n\t\t\t\t<\/div>\n\t\t\t\t<div class=\"elementor-element elementor-element-4ab4b5d elementor-widget elementor-widget-image\" data-id=\"4ab4b5d\" data-element_type=\"widget\" data-e-type=\"widget\" data-widget_type=\"image.default\">\n\t\t\t\t<div class=\"elementor-widget-container\">\n\t\t\t\t\t\t\t\t\t\t\t\t\t\t\t<img decoding=\"async\" width=\"284\" height=\"10\" src=\"https:\/\/www.culturefitter.com\/wp-content\/uploads\/2021\/06\/line_orange.svg\" class=\"attachment-full size-full wp-image-61\" alt=\"\" \/>\t\t\t\t\t\t\t\t\t\t\t\t\t\t\t<\/div>\n\t\t\t\t<\/div>\n\t\t\t\t<div class=\"elementor-element elementor-element-b2452ad elementor-button-align-start elementor-widget elementor-widget-form\" data-id=\"b2452ad\" data-element_type=\"widget\" data-e-type=\"widget\" data-settings=\"{&quot;step_next_label&quot;:&quot;Next&quot;,&quot;step_previous_label&quot;:&quot;Previous&quot;,&quot;button_width&quot;:&quot;100&quot;,&quot;step_type&quot;:&quot;number_text&quot;,&quot;step_icon_shape&quot;:&quot;circle&quot;}\" data-widget_type=\"form.default\">\n\t\t\t\t<div class=\"elementor-widget-container\">\n\t\t\t\t\t\t\t<form class=\"elementor-form\" method=\"post\" name=\"Contactformulier FR\" aria-label=\"Contactformulier FR\">\n\t\t\t<input type=\"hidden\" name=\"post_id\" value=\"586\"\/>\n\t\t\t<input type=\"hidden\" name=\"form_id\" value=\"b2452ad\"\/>\n\t\t\t<input type=\"hidden\" name=\"referer_title\" value=\"CONTACTEZ-NOUS\" \/>\n\n\t\t\t\t\t\t\t<input type=\"hidden\" name=\"queried_id\" value=\"586\"\/>\n\t\t\t\n\t\t\t<div class=\"elementor-form-fields-wrapper elementor-labels-above\">\n\t\t\t\t\t\t\t\t<div class=\"elementor-field-type-text elementor-field-group elementor-column elementor-field-group-name elementor-col-100 elementor-field-required\">\n\t\t\t\t\t\t\t\t\t\t\t\t<label for=\"form-field-name\" class=\"elementor-field-label\">\n\t\t\t\t\t\t\t\tNom:*\t\t\t\t\t\t\t<\/label>\n\t\t\t\t\t\t\t\t\t\t\t\t\t\t<input size=\"1\" type=\"text\" name=\"form_fields[name]\" id=\"form-field-name\" class=\"elementor-field elementor-size-sm  elementor-field-textual\" required=\"required\">\n\t\t\t\t\t\t\t\t\t\t\t<\/div>\n\t\t\t\t\t\t\t\t<div class=\"elementor-field-type-email elementor-field-group elementor-column elementor-field-group-email elementor-col-100 elementor-field-required\">\n\t\t\t\t\t\t\t\t\t\t\t\t<label for=\"form-field-email\" class=\"elementor-field-label\">\n\t\t\t\t\t\t\t\tAdresse E-mail:*\t\t\t\t\t\t\t<\/label>\n\t\t\t\t\t\t\t\t\t\t\t\t\t\t<input size=\"1\" type=\"email\" name=\"form_fields[email]\" id=\"form-field-email\" class=\"elementor-field elementor-size-sm  elementor-field-textual\" required=\"required\">\n\t\t\t\t\t\t\t\t\t\t\t<\/div>\n\t\t\t\t\t\t\t\t<div class=\"elementor-field-type-tel elementor-field-group elementor-column elementor-field-group-field_c330206 elementor-col-100 elementor-field-required\">\n\t\t\t\t\t\t\t\t\t\t\t\t<label for=\"form-field-field_c330206\" class=\"elementor-field-label\">\n\t\t\t\t\t\t\t\tNum\u00e9ro de t\u00e9l\u00e9phone:*\t\t\t\t\t\t\t<\/label>\n\t\t\t\t\t\t\t\t<input size=\"1\" type=\"tel\" name=\"form_fields[field_c330206]\" id=\"form-field-field_c330206\" class=\"elementor-field elementor-size-sm  elementor-field-textual\" required=\"required\" pattern=\"[0-9()#&amp;+*-=.]+\" title=\"Seuls les caract\u00e8res de num\u00e9ros de t\u00e9l\u00e9phone (#, -, *, etc.) sont accept\u00e9s.\">\n\n\t\t\t\t\t\t<\/div>\n\t\t\t\t\t\t\t\t<div class=\"elementor-field-type-text elementor-field-group elementor-column elementor-field-group-field_6e50af3 elementor-col-100 elementor-field-required\">\n\t\t\t\t\t\t\t\t\t\t\t\t<label for=\"form-field-field_6e50af3\" class=\"elementor-field-label\">\n\t\t\t\t\t\t\t\tSujet:*\t\t\t\t\t\t\t<\/label>\n\t\t\t\t\t\t\t\t\t\t\t\t\t\t<input size=\"1\" type=\"text\" name=\"form_fields[field_6e50af3]\" id=\"form-field-field_6e50af3\" class=\"elementor-field elementor-size-sm  elementor-field-textual\" required=\"required\">\n\t\t\t\t\t\t\t\t\t\t\t<\/div>\n\t\t\t\t\t\t\t\t<div class=\"elementor-field-type-textarea elementor-field-group elementor-column elementor-field-group-message elementor-col-100 elementor-field-required\">\n\t\t\t\t\t\t\t\t\t\t\t\t<label for=\"form-field-message\" class=\"elementor-field-label\">\n\t\t\t\t\t\t\t\tMessage:*\t\t\t\t\t\t\t<\/label>\n\t\t\t\t\t\t<textarea class=\"elementor-field-textual elementor-field  elementor-size-sm\" name=\"form_fields[message]\" id=\"form-field-message\" rows=\"4\" required=\"required\"><\/textarea>\t\t\t\t<\/div>\n\t\t\t\t\t\t\t\t<div class=\"elementor-field-group elementor-column elementor-field-type-submit elementor-col-100 e-form__buttons\">\n\t\t\t\t\t<button class=\"elementor-button elementor-size-sm\" type=\"submit\">\n\t\t\t\t\t\t<span class=\"elementor-button-content-wrapper\">\n\t\t\t\t\t\t\t\t\t\t\t\t\t\t\t\t\t\t\t\t\t\t<span class=\"elementor-button-text\">Envoyer le message<\/span>\n\t\t\t\t\t\t\t\t\t\t\t\t\t<\/span>\n\t\t\t\t\t<\/button>\n\t\t\t\t<\/div>\n\t\t\t<\/div>\n\t\t<\/form>\n\t\t\t\t\t\t<\/div>\n\t\t\t\t<\/div>\n\t\t\t\t<div class=\"elementor-element elementor-element-9089a47 elementor-widget elementor-widget-heading\" data-id=\"9089a47\" data-element_type=\"widget\" data-e-type=\"widget\" data-widget_type=\"heading.default\">\n\t\t\t\t<div class=\"elementor-widget-container\">\n\t\t\t\t\t<p class=\"elementor-heading-title elementor-size-default\">*Champs obligatoires<\/p>\t\t\t\t<\/div>\n\t\t\t\t<\/div>\n\t\t\t\t\t<\/div>\n\t\t<\/div>\n\t\t\t\t<div class=\"elementor-column elementor-col-50 elementor-top-column elementor-element elementor-element-377dd2d\" data-id=\"377dd2d\" data-element_type=\"column\" data-e-type=\"column\">\n\t\t\t<div class=\"elementor-widget-wrap elementor-element-populated\">\n\t\t\t\t\t\t<div class=\"elementor-element elementor-element-509e5df elementor-widget elementor-widget-heading\" data-id=\"509e5df\" data-element_type=\"widget\" data-e-type=\"widget\" data-widget_type=\"heading.default\">\n\t\t\t\t<div class=\"elementor-widget-container\">\n\t\t\t\t\t<h3 class=\"elementor-heading-title elementor-size-default\">NOUS CONTACTER<\/h3>\t\t\t\t<\/div>\n\t\t\t\t<\/div>\n\t\t\t\t<div class=\"elementor-element elementor-element-90471d6 elementor-widget elementor-widget-image\" data-id=\"90471d6\" data-element_type=\"widget\" data-e-type=\"widget\" data-widget_type=\"image.default\">\n\t\t\t\t<div class=\"elementor-widget-container\">\n\t\t\t\t\t\t\t\t\t\t\t\t\t\t\t<img decoding=\"async\" width=\"284\" height=\"10\" src=\"https:\/\/www.culturefitter.com\/wp-content\/uploads\/2021\/06\/line_yellow.svg\" class=\"attachment-full size-full wp-image-62\" alt=\"\" \/>\t\t\t\t\t\t\t\t\t\t\t\t\t\t\t<\/div>\n\t\t\t\t<\/div>\n\t\t\t\t<section class=\"elementor-section elementor-inner-section elementor-element elementor-element-8f51bae elementor-section-boxed elementor-section-height-default elementor-section-height-default\" data-id=\"8f51bae\" data-element_type=\"section\" data-e-type=\"section\">\n\t\t\t\t\t\t<div class=\"elementor-container elementor-column-gap-default\">\n\t\t\t\t\t<div class=\"elementor-column elementor-col-50 elementor-inner-column elementor-element elementor-element-06c1d22\" data-id=\"06c1d22\" data-element_type=\"column\" data-e-type=\"column\">\n\t\t\t<div class=\"elementor-widget-wrap elementor-element-populated\">\n\t\t\t\t\t\t<div class=\"elementor-element elementor-element-9cb81d6 elementor-view-default elementor-widget elementor-widget-icon\" data-id=\"9cb81d6\" data-element_type=\"widget\" data-e-type=\"widget\" data-widget_type=\"icon.default\">\n\t\t\t\t<div class=\"elementor-widget-container\">\n\t\t\t\t\t\t\t<div class=\"elementor-icon-wrapper\">\n\t\t\t<div class=\"elementor-icon\">\n\t\t\t<svg xmlns=\"http:\/\/www.w3.org\/2000\/svg\" width=\"62.552\" height=\"49.144\" viewBox=\"0 0 62.552 49.144\"><g id=\"mail_icon\" transform=\"translate(1 1)\"><g id=\"Icons\"><g id=\"Group_39\" data-name=\"Group 39\"><path id=\"Path_122\" data-name=\"Path 122\" d=\"M37.8,38.9H2.54A1.54,1.54,0,0,1,1,37.36V2.54A1.54,1.54,0,0,1,2.54,1H50.87a1.54,1.54,0,0,1,1.54,1.54V22.69\" transform=\"translate(-1 -1)\" fill=\"none\" stroke=\"#262626\" stroke-miterlimit=\"10\" stroke-width=\"2\"><\/path><line id=\"Line_14\" data-name=\"Line 14\" x1=\"10.63\" y2=\"12.22\" transform=\"translate(0.6 25.37)\" fill=\"none\" stroke=\"#262626\" stroke-miterlimit=\"10\" stroke-width=\"2\"><\/line><path id=\"Path_123\" data-name=\"Path 123\" d=\"M1.42,1.5,26.7,23.64,51.96,1.46\" transform=\"translate(-1 -1)\" fill=\"none\" stroke=\"#262626\" stroke-linejoin=\"round\" stroke-width=\"2\"><\/path><path id=\"Path_124\" data-name=\"Path 124\" d=\"M54,28.68,52.27,40.56c-.31,2.6,2.76,2,3.81,1.62,2.34-.94,5-2.78,5.43-7.88.53-7-4.44-11.81-11.48-11.81a12.76,12.76,0,1,0,3.86,24.92\" transform=\"translate(-1 -1)\" fill=\"none\" stroke=\"#262626\" stroke-linecap=\"round\" stroke-linejoin=\"round\" stroke-width=\"2\"><\/path><path id=\"Path_125\" data-name=\"Path 125\" d=\"M52.33,39.11a5.05,5.05,0,0,1-5.51,2.24c-2.56-.74-3.86-4-2.9-7.33s3.82-5.37,6.39-4.62a5.12,5.12,0,0,1,3.1,3.09\" transform=\"translate(-1 -1)\" fill=\"none\" stroke=\"#262626\" stroke-linecap=\"round\" stroke-miterlimit=\"10\" stroke-width=\"2\"><\/path><\/g><\/g><\/g><\/svg>\t\t\t<\/div>\n\t\t<\/div>\n\t\t\t\t\t\t<\/div>\n\t\t\t\t<\/div>\n\t\t\t\t\t<\/div>\n\t\t<\/div>\n\t\t\t\t<div class=\"elementor-column elementor-col-50 elementor-inner-column elementor-element elementor-element-0b3e210\" data-id=\"0b3e210\" data-element_type=\"column\" data-e-type=\"column\">\n\t\t\t<div class=\"elementor-widget-wrap elementor-element-populated\">\n\t\t\t\t\t\t<div class=\"elementor-element elementor-element-d06813a elementor-widget elementor-widget-heading\" data-id=\"d06813a\" data-element_type=\"widget\" data-e-type=\"widget\" data-widget_type=\"heading.default\">\n\t\t\t\t<div class=\"elementor-widget-container\">\n\t\t\t\t\t<p class=\"elementor-heading-title elementor-size-default\">Envoyez un mail:<\/p>\t\t\t\t<\/div>\n\t\t\t\t<\/div>\n\t\t\t\t<div class=\"elementor-element elementor-element-973398a elementor-widget elementor-widget-heading\" data-id=\"973398a\" data-element_type=\"widget\" data-e-type=\"widget\" data-widget_type=\"heading.default\">\n\t\t\t\t<div class=\"elementor-widget-container\">\n\t\t\t\t\t<p class=\"elementor-heading-title elementor-size-default\"><a href=\"mailto:info@culturefitter.com\">info@culturefitter.com<\/a><\/p>\t\t\t\t<\/div>\n\t\t\t\t<\/div>\n\t\t\t\t\t<\/div>\n\t\t<\/div>\n\t\t\t\t\t<\/div>\n\t\t<\/section>\n\t\t\t\t<section class=\"elementor-section elementor-inner-section elementor-element elementor-element-11cd7e4 elementor-section-boxed elementor-section-height-default elementor-section-height-default\" data-id=\"11cd7e4\" data-element_type=\"section\" data-e-type=\"section\">\n\t\t\t\t\t\t<div class=\"elementor-container elementor-column-gap-default\">\n\t\t\t\t\t<div class=\"elementor-column elementor-col-50 elementor-inner-column elementor-element elementor-element-035cbf9\" data-id=\"035cbf9\" data-element_type=\"column\" data-e-type=\"column\">\n\t\t\t<div class=\"elementor-widget-wrap elementor-element-populated\">\n\t\t\t\t\t\t<div class=\"elementor-element elementor-element-7eb1cad elementor-view-default elementor-widget elementor-widget-icon\" data-id=\"7eb1cad\" data-element_type=\"widget\" data-e-type=\"widget\" data-widget_type=\"icon.default\">\n\t\t\t\t<div class=\"elementor-widget-container\">\n\t\t\t\t\t\t\t<div class=\"elementor-icon-wrapper\">\n\t\t\t<div class=\"elementor-icon\">\n\t\t\t<svg xmlns=\"http:\/\/www.w3.org\/2000\/svg\" width=\"54.759\" height=\"62.031\" viewBox=\"0 0 54.759 62.031\"><g id=\"call_icon\" transform=\"translate(1.01 1)\"><g id=\"Icons\"><g id=\"Group_40\" data-name=\"Group 40\"><path id=\"Path_126\" data-name=\"Path 126\" d=\"M14.18,13c-1.33-4-6.37-4.88-7.8-4-1.63,1,2,7.18-1.9,18.69C2.86,32.43,1.37,37.06,1.07,41-.1,56.18,14.48,63.86,24.12,59.78L38.3,53.67\" transform=\"translate(-1.004 -1)\" fill=\"none\" stroke=\"#262626\" stroke-miterlimit=\"10\" stroke-width=\"2\"><\/path><path id=\"Path_127\" data-name=\"Path 127\" d=\"M44.89,25.93V5.67a4.06,4.06,0,0,0-3.37-4.06c-4.32-.4-8.14-.61-12-.61s-7.67.21-12,.62a4,4,0,0,0-3.33,4.05V49.21a4,4,0,0,0,3.37,4c4.32.41,8.45.61,12.62.61a97.049,97.049,0,0,0,10.92-.53c2-.29,4.07-1.62,4.07-3.54\" transform=\"translate(-1.004 -1)\" fill=\"none\" stroke=\"#262626\" stroke-miterlimit=\"10\" stroke-width=\"2\"><\/path><path id=\"Path_128\" data-name=\"Path 128\" d=\"M51.35,35.57A3.34,3.34,0,0,0,47,33.71l-3.59,1.58a3.48,3.48,0,0,0-1.8,4.51A3.34,3.34,0,0,0,46,41.66l3.6-1.58a3.49,3.49,0,0,0,1.75-4.51Z\" transform=\"translate(-1.004 -1)\" fill=\"none\" stroke=\"#262626\" stroke-miterlimit=\"10\" stroke-width=\"2\"><\/path><path id=\"Path_129\" data-name=\"Path 129\" d=\"M46,49.58l3.25-1.42a3.15,3.15,0,0,0,1.62-4.08,3,3,0,0,0-2.81-1.91,2.9,2.9,0,0,0-1.14.23l-3.25,1.42a3.17,3.17,0,0,0-1.62,4.09,3,3,0,0,0,2.82,1.9A2.89,2.89,0,0,0,46,49.58Z\" transform=\"translate(-1.004 -1)\" fill=\"none\" stroke=\"#262626\" stroke-miterlimit=\"10\" stroke-width=\"2\"><\/path><path id=\"Path_130\" data-name=\"Path 130\" d=\"M41.61,31.13a3.32,3.32,0,0,0,3.11,2.11A3.16,3.16,0,0,0,46,33l2.43-1.11a3.5,3.5,0,0,0,1.8-4.52,3.32,3.32,0,0,0-3.11-2.11,3.16,3.16,0,0,0-1.26.26L43.4,26.61a3.5,3.5,0,0,0-1.79,4.52Z\" transform=\"translate(-1.004 -1)\" fill=\"none\" stroke=\"#262626\" stroke-miterlimit=\"10\" stroke-width=\"2\"><\/path><line id=\"Line_15\" data-name=\"Line 15\" x2=\"7.35\" transform=\"translate(24.856 47.96)\" fill=\"none\" stroke=\"#262626\" stroke-linecap=\"round\" stroke-miterlimit=\"10\" stroke-width=\"2\"><\/line><line id=\"Line_16\" data-name=\"Line 16\" x2=\"2.54\" transform=\"translate(27.256 4.16)\" fill=\"none\" stroke=\"#262626\" stroke-linecap=\"round\" stroke-miterlimit=\"10\" stroke-width=\"2\"><\/line><line id=\"Line_17\" data-name=\"Line 17\" x2=\"28.49\" transform=\"translate(13.176 43.54)\" fill=\"none\" stroke=\"#262626\" stroke-miterlimit=\"10\" stroke-width=\"2\"><\/line><line id=\"Line_18\" data-name=\"Line 18\" x2=\"30.71\" transform=\"translate(13.176 8.03)\" fill=\"none\" stroke=\"#262626\" stroke-miterlimit=\"10\" stroke-width=\"2\"><\/line><path id=\"Path_131\" data-name=\"Path 131\" d=\"M44.89,22.09l6.56-2.81a4,4,0,0,0,2-5.11A3.37,3.37,0,0,0,49,12.08c-.6.17-3.37,1.15-4.15,1.47\" transform=\"translate(-1.004 -1)\" fill=\"none\" stroke=\"#262626\" stroke-miterlimit=\"10\" stroke-width=\"2\"><\/path><\/g><\/g><\/g><\/svg>\t\t\t<\/div>\n\t\t<\/div>\n\t\t\t\t\t\t<\/div>\n\t\t\t\t<\/div>\n\t\t\t\t\t<\/div>\n\t\t<\/div>\n\t\t\t\t<div class=\"elementor-column elementor-col-50 elementor-inner-column elementor-element elementor-element-950d97d\" data-id=\"950d97d\" data-element_type=\"column\" data-e-type=\"column\">\n\t\t\t<div class=\"elementor-widget-wrap elementor-element-populated\">\n\t\t\t\t\t\t<div class=\"elementor-element elementor-element-ac0e788 elementor-widget elementor-widget-heading\" data-id=\"ac0e788\" data-element_type=\"widget\" data-e-type=\"widget\" data-widget_type=\"heading.default\">\n\t\t\t\t<div class=\"elementor-widget-container\">\n\t\t\t\t\t<p class=\"elementor-heading-title elementor-size-default\">T\u00e9l\u00e9phonez ou What\u2019s app:<\/p>\t\t\t\t<\/div>\n\t\t\t\t<\/div>\n\t\t\t\t<div class=\"elementor-element elementor-element-c0e10df elementor-widget elementor-widget-heading\" data-id=\"c0e10df\" data-element_type=\"widget\" data-e-type=\"widget\" data-widget_type=\"heading.default\">\n\t\t\t\t<div class=\"elementor-widget-container\">\n\t\t\t\t\t<p class=\"elementor-heading-title elementor-size-default\"><a href=\"tel:+31653975352\">+31 (0)6 53 97 53 52<\/a><\/p>\t\t\t\t<\/div>\n\t\t\t\t<\/div>\n\t\t\t\t\t<\/div>\n\t\t<\/div>\n\t\t\t\t\t<\/div>\n\t\t<\/section>\n\t\t\t\t<section class=\"elementor-section elementor-inner-section elementor-element elementor-element-4fde141 elementor-section-boxed elementor-section-height-default elementor-section-height-default\" data-id=\"4fde141\" data-element_type=\"section\" data-e-type=\"section\">\n\t\t\t\t\t\t<div class=\"elementor-container elementor-column-gap-default\">\n\t\t\t\t\t<div class=\"elementor-column elementor-col-50 elementor-inner-column elementor-element elementor-element-1818708\" data-id=\"1818708\" data-element_type=\"column\" data-e-type=\"column\">\n\t\t\t<div class=\"elementor-widget-wrap elementor-element-populated\">\n\t\t\t\t\t\t<div class=\"elementor-element elementor-element-73e6304 elementor-view-default elementor-widget elementor-widget-icon\" data-id=\"73e6304\" data-element_type=\"widget\" data-e-type=\"widget\" data-widget_type=\"icon.default\">\n\t\t\t\t<div class=\"elementor-widget-container\">\n\t\t\t\t\t\t\t<div class=\"elementor-icon-wrapper\">\n\t\t\t<div class=\"elementor-icon\">\n\t\t\t<svg xmlns=\"http:\/\/www.w3.org\/2000\/svg\" width=\"22.963\" height=\"35.794\" viewBox=\"0 0 22.963 35.794\"><g id=\"mapmarker\" transform=\"translate(1 1)\"><g id=\"Capa_1\" data-name=\"Capa 1\" transform=\"translate(0 0)\"><g id=\"Group_64\" data-name=\"Group 64\" transform=\"translate(0 0)\"><path id=\"Path_144\" data-name=\"Path 144\" d=\"M7.982,35.392C7,33.8,5,30.5,3.02,26.845-.591,20.18-2.5,15.383-2.5,12.976a10.482,10.482,0,0,1,20.963,0c0,2.409-1.909,7.207-5.518,13.874C10.965,30.5,8.966,33.8,7.982,35.392Z\" transform=\"translate(2.5 -2.5)\" fill=\"none\" stroke=\"#262626\" stroke-miterlimit=\"10\" stroke-width=\"2\"><\/path><path id=\"Path_145\" data-name=\"Path 145\" d=\"M67.737,58.57A5.512,5.512,0,1,0,73.4,64.079,5.6,5.6,0,0,0,67.737,58.57Z\" transform=\"translate(-57.255 -54.389)\" fill=\"none\" stroke=\"#262626\" stroke-miterlimit=\"10\" stroke-width=\"2\"><\/path><\/g><\/g><\/g><\/svg>\t\t\t<\/div>\n\t\t<\/div>\n\t\t\t\t\t\t<\/div>\n\t\t\t\t<\/div>\n\t\t\t\t\t<\/div>\n\t\t<\/div>\n\t\t\t\t<div class=\"elementor-column elementor-col-50 elementor-inner-column elementor-element elementor-element-62f9861\" data-id=\"62f9861\" data-element_type=\"column\" data-e-type=\"column\">\n\t\t\t<div class=\"elementor-widget-wrap elementor-element-populated\">\n\t\t\t\t\t\t<div class=\"elementor-element elementor-element-b741714 elementor-widget elementor-widget-heading\" data-id=\"b741714\" data-element_type=\"widget\" data-e-type=\"widget\" data-widget_type=\"heading.default\">\n\t\t\t\t<div class=\"elementor-widget-container\">\n\t\t\t\t\t<p class=\"elementor-heading-title elementor-size-default\">Adresse:<\/p>\t\t\t\t<\/div>\n\t\t\t\t<\/div>\n\t\t\t\t<div class=\"elementor-element elementor-element-af23e4f elementor-widget elementor-widget-heading\" data-id=\"af23e4f\" data-element_type=\"widget\" data-e-type=\"widget\" data-widget_type=\"heading.default\">\n\t\t\t\t<div class=\"elementor-widget-container\">\n\t\t\t\t\t<p class=\"elementor-heading-title elementor-size-default\"><a href=\"https:\/\/www.google.com\/maps\/dir\/\/Tjalk+64,+9408+CC+Assen\/@52.996671,6.5109134,17z\/data=!4m8!4m7!1m0!1m5!1m1!1s0x47c83b29d5d426bf:0x1e567d7bfb1b49fb!2m2!1d6.5131021!2d52.996671\">Tjalk 64, 9408 CC Assen<br>Les Pays-bas<\/a><\/p>\t\t\t\t<\/div>\n\t\t\t\t<\/div>\n\t\t\t\t\t<\/div>\n\t\t<\/div>\n\t\t\t\t\t<\/div>\n\t\t<\/section>\n\t\t\t\t\t<\/div>\n\t\t<\/div>\n\t\t\t\t\t<\/div>\n\t\t<\/section>\n\t\t\t\t<\/div>\n\t\t","protected":false},"excerpt":{"rendered":"<p>CONTACTEZ-NOUS Avez-vous des questions concernant nos services? Ou, souhaitez-vous postuler pour un job? Contactez-nous aux coordonn\u00e9es indiqu\u00e9es ci-dessous ou remplissez le formulaire de contact. Nous vous contacterons le plus vite possible! FORMULAIRE DE CONTACT *Champs obligatoires NOUS CONTACTER Envoyez un mail: info@culturefitter.com T\u00e9l\u00e9phonez ou What\u2019s app: +31 (0)6 53 97 53 52 Adresse: Tjalk 64, [&hellip;]<\/p>\n","protected":false},"author":1,"featured_media":0,"parent":0,"menu_order":0,"comment_status":"closed","ping_status":"closed","template":"","meta":{"_acf_changed":false,"footnotes":""},"class_list":["post-586","page","type-page","status-publish","hentry"],"acf":[],"_links":{"self":[{"href":"https:\/\/www.culturefitter.com\/fr\/wp-json\/wp\/v2\/pages\/586","targetHints":{"allow":["GET"]}}],"collection":[{"href":"https:\/\/www.culturefitter.com\/fr\/wp-json\/wp\/v2\/pages"}],"about":[{"href":"https:\/\/www.culturefitter.com\/fr\/wp-json\/wp\/v2\/types\/page"}],"author":[{"embeddable":true,"href":"https:\/\/www.culturefitter.com\/fr\/wp-json\/wp\/v2\/users\/1"}],"replies":[{"embeddable":true,"href":"https:\/\/www.culturefitter.com\/fr\/wp-json\/wp\/v2\/comments?post=586"}],"version-history":[{"count":4,"href":"https:\/\/www.culturefitter.com\/fr\/wp-json\/wp\/v2\/pages\/586\/revisions"}],"predecessor-version":[{"id":889,"href":"https:\/\/www.culturefitter.com\/fr\/wp-json\/wp\/v2\/pages\/586\/revisions\/889"}],"wp:attachment":[{"href":"https:\/\/www.culturefitter.com\/fr\/wp-json\/wp\/v2\/media?parent=586"}],"curies":[{"name":"wp","href":"https:\/\/api.w.org\/{rel}","templated":true}]}}