{"id":639,"date":"2021-06-29T14:22:29","date_gmt":"2021-06-29T14:22:29","guid":{"rendered":"https:\/\/www.culturefitter.com\/services\/"},"modified":"2021-07-04T11:16:43","modified_gmt":"2021-07-04T11:16:43","slug":"services","status":"publish","type":"page","link":"https:\/\/www.culturefitter.com\/fr\/services\/","title":{"rendered":"Prestations de service"},"content":{"rendered":"\t\t<div data-elementor-type=\"wp-page\" data-elementor-id=\"639\" class=\"elementor elementor-639 elementor-8\" data-elementor-post-type=\"page\">\n\t\t\t\t\t\t<section class=\"elementor-section elementor-top-section elementor-element elementor-element-57faf5f elementor-section-height-min-height elementor-section-boxed elementor-section-height-default elementor-section-items-middle\" data-id=\"57faf5f\" data-element_type=\"section\" data-e-type=\"section\" data-settings=\"{&quot;background_background&quot;:&quot;classic&quot;}\">\n\t\t\t\t\t\t\t<div class=\"elementor-background-overlay\"><\/div>\n\t\t\t\t\t\t\t<div class=\"elementor-container elementor-column-gap-default\">\n\t\t\t\t\t<div class=\"elementor-column elementor-col-100 elementor-top-column elementor-element elementor-element-96af7fd\" data-id=\"96af7fd\" data-element_type=\"column\" data-e-type=\"column\">\n\t\t\t<div class=\"elementor-widget-wrap\">\n\t\t\t\t\t\t\t<\/div>\n\t\t<\/div>\n\t\t\t\t\t<\/div>\n\t\t<\/section>\n\t\t\t\t<section class=\"elementor-section elementor-top-section elementor-element elementor-element-43fe47e elementor-section-boxed elementor-section-height-default elementor-section-height-default\" data-id=\"43fe47e\" data-element_type=\"section\" data-e-type=\"section\">\n\t\t\t\t\t\t<div class=\"elementor-container elementor-column-gap-default\">\n\t\t\t\t\t<div class=\"elementor-column elementor-col-100 elementor-top-column elementor-element elementor-element-a3d3812\" data-id=\"a3d3812\" data-element_type=\"column\" data-e-type=\"column\">\n\t\t\t<div class=\"elementor-widget-wrap elementor-element-populated\">\n\t\t\t\t\t\t<div class=\"elementor-element elementor-element-c1343a4 elementor-widget elementor-widget-heading\" data-id=\"c1343a4\" data-element_type=\"widget\" data-e-type=\"widget\" data-widget_type=\"heading.default\">\n\t\t\t\t<div class=\"elementor-widget-container\">\n\t\t\t\t\t<h1 class=\"elementor-heading-title elementor-size-default\">Prestations de service<\/h1>\t\t\t\t<\/div>\n\t\t\t\t<\/div>\n\t\t\t\t<div class=\"elementor-element elementor-element-91a6dde elementor-widget elementor-widget-text-editor\" data-id=\"91a6dde\" data-element_type=\"widget\" data-e-type=\"widget\" data-widget_type=\"text-editor.default\">\n\t\t\t\t<div class=\"elementor-widget-container\">\n\t\t\t\t\t\t\t\t\t<p>Culture Fitter vous offre diff\u00e9rents services. S\u2019il s\u2019agit de trouver un commercial, un dirigeant pour votre entreprise ou un professionnel de mani\u00e8re temporaire, nous nous en occupons!<\/p>\n\t\t\t\t\t\t\t\t<\/div>\n\t\t\t\t<\/div>\n\t\t\t\t\t<\/div>\n\t\t<\/div>\n\t\t\t\t\t<\/div>\n\t\t<\/section>\n\t\t\t\t<section class=\"elementor-section elementor-top-section elementor-element elementor-element-e41f7d6 elementor-section-boxed elementor-section-height-default elementor-section-height-default\" data-id=\"e41f7d6\" data-element_type=\"section\" data-e-type=\"section\">\n\t\t\t\t\t\t<div class=\"elementor-container elementor-column-gap-default\">\n\t\t\t\t\t<div class=\"elementor-column elementor-col-100 elementor-top-column elementor-element elementor-element-6d794a3\" data-id=\"6d794a3\" data-element_type=\"column\" data-e-type=\"column\" data-settings=\"{&quot;background_background&quot;:&quot;classic&quot;}\">\n\t\t\t<div class=\"elementor-widget-wrap elementor-element-populated\">\n\t\t\t\t\t\t<div class=\"elementor-element elementor-element-b016047 elementor-view-default elementor-widget elementor-widget-icon\" data-id=\"b016047\" data-element_type=\"widget\" data-e-type=\"widget\" data-widget_type=\"icon.default\">\n\t\t\t\t<div class=\"elementor-widget-container\">\n\t\t\t\t\t\t\t<div class=\"elementor-icon-wrapper\">\n\t\t\t<div class=\"elementor-icon\">\n\t\t\t<svg xmlns=\"http:\/\/www.w3.org\/2000\/svg\" width=\"100\" height=\"100\" viewBox=\"0 0 100 100\"><g id=\"internationalrecruitment\" transform=\"translate(-227 -834)\"><rect id=\"Rectangle_15\" data-name=\"Rectangle 15\" width=\"100\" height=\"100\" transform=\"translate(227 834)\" fill=\"none\"><\/rect><g id=\"Laag_2\" data-name=\"Laag 2\" transform=\"translate(243.916 844.157)\"><g id=\"Laag_1\" data-name=\"Laag 1\" transform=\"translate(0 0)\"><g id=\"Group_4\" data-name=\"Group 4\"><line id=\"Line_4\" data-name=\"Line 4\" x1=\"31.87\" transform=\"translate(3.052 27.586)\" fill=\"none\" stroke=\"#262626\" stroke-linecap=\"round\" stroke-linejoin=\"round\" stroke-width=\"2\"><\/line><line id=\"Line_5\" data-name=\"Line 5\" x2=\"70.422\" transform=\"translate(3.052 55.152)\" fill=\"none\" stroke=\"#262626\" stroke-linejoin=\"round\" stroke-width=\"2\"><\/line><line id=\"Line_6\" data-name=\"Line 6\" x1=\"12.989\" y1=\"12.989\" transform=\"translate(67.011 33.465)\" fill=\"none\" stroke=\"#262626\" stroke-linecap=\"round\" stroke-linejoin=\"round\" stroke-width=\"2\"><\/line><path id=\"Path_39\" data-name=\"Path 39\" d=\"M27.173,3.55C17.382,4.251,9.65,19.573,9.65,38.5c0,19.308,8.192,34.971,18.29,34.971,9.375,0,17.107-13.48,18.18-30.845\" transform=\"translate(6.711 3.131)\" fill=\"none\" stroke=\"#262626\" stroke-linecap=\"round\" stroke-linejoin=\"round\" stroke-width=\"2\"><\/path><path id=\"Path_40\" data-name=\"Path 40\" d=\"M33.248,3.54C15.035,3.876.451,19.485.5,38.594S15.2,73.235,33.414,73.475s33.24-14.9,33.743-34\" transform=\"translate(-0.497 3.119)\" fill=\"none\" stroke=\"#262626\" stroke-linecap=\"round\" stroke-linejoin=\"round\" stroke-width=\"2\"><\/path><ellipse id=\"Ellipse_4\" data-name=\"Ellipse 4\" cx=\"21.619\" cy=\"21.619\" rx=\"21.619\" ry=\"21.619\" transform=\"translate(30.103)\" fill=\"none\" stroke=\"#262626\" stroke-linejoin=\"round\" stroke-width=\"2\"><\/ellipse><ellipse id=\"Ellipse_5\" data-name=\"Ellipse 5\" cx=\"6.659\" cy=\"6.659\" rx=\"6.659\" ry=\"6.659\" transform=\"translate(47.837 8.302)\" fill=\"none\" stroke=\"#262626\" stroke-linejoin=\"round\" stroke-width=\"2\"><\/ellipse><path id=\"Path_41\" data-name=\"Path 41\" d=\"M46.564,19.454c0-5.586-5.213-8.324-11.653-8.324S23.28,13.868,23.28,19.454\" transform=\"translate(19.263 10.117)\" fill=\"none\" stroke=\"#262626\" stroke-linecap=\"round\" stroke-linejoin=\"round\" stroke-width=\"2\"><\/path><\/g><\/g><\/g><\/g><\/svg>\t\t\t<\/div>\n\t\t<\/div>\n\t\t\t\t\t\t<\/div>\n\t\t\t\t<\/div>\n\t\t\t\t<div class=\"elementor-element elementor-element-e1dc4f2 elementor-widget elementor-widget-heading\" data-id=\"e1dc4f2\" data-element_type=\"widget\" data-e-type=\"widget\" data-widget_type=\"heading.default\">\n\t\t\t\t<div class=\"elementor-widget-container\">\n\t\t\t\t\t<h3 class=\"elementor-heading-title elementor-size-default\">RECRUTEMENT INTERNATIONAL<\/h3>\t\t\t\t<\/div>\n\t\t\t\t<\/div>\n\t\t\t\t<div class=\"elementor-element elementor-element-75015aa elementor-hidden-desktop elementor-hidden-tablet elementor-widget elementor-widget-image\" data-id=\"75015aa\" data-element_type=\"widget\" data-e-type=\"widget\" data-widget_type=\"image.default\">\n\t\t\t\t<div class=\"elementor-widget-container\">\n\t\t\t\t\t\t\t\t\t\t\t\t\t\t\t<img decoding=\"async\" width=\"284\" height=\"10\" src=\"https:\/\/www.culturefitter.com\/wp-content\/uploads\/2021\/06\/lijn_284x10px_geel.jpg\" class=\"attachment-full size-full wp-image-542\" alt=\"\" \/>\t\t\t\t\t\t\t\t\t\t\t\t\t\t\t<\/div>\n\t\t\t\t<\/div>\n\t\t\t\t<div class=\"elementor-element elementor-element-d0470ef elementor-hidden-phone elementor-widget elementor-widget-image\" data-id=\"d0470ef\" data-element_type=\"widget\" data-e-type=\"widget\" data-widget_type=\"image.default\">\n\t\t\t\t<div class=\"elementor-widget-container\">\n\t\t\t\t\t\t\t\t\t\t\t\t\t\t\t<img decoding=\"async\" width=\"150\" height=\"150\" src=\"https:\/\/www.culturefitter.com\/wp-content\/uploads\/2021\/06\/ir_line_yellow.svg\" class=\"attachment-thumbnail size-thumbnail wp-image-58\" alt=\"\" srcset=\"https:\/\/www.culturefitter.com\/wp-content\/uploads\/\/2021\/06\/ir_line_yellow.svg 150w, https:\/\/www.culturefitter.com\/wp-content\/uploads\/\/2021\/06\/ir_line_yellow.svg 300w, https:\/\/www.culturefitter.com\/wp-content\/uploads\/\/2021\/06\/ir_line_yellow.svg 1024w\" sizes=\"(max-width: 150px) 100vw, 150px\" \/>\t\t\t\t\t\t\t\t\t\t\t\t\t\t\t<\/div>\n\t\t\t\t<\/div>\n\t\t\t\t<div class=\"elementor-element elementor-element-51d399e elementor-widget elementor-widget-text-editor\" data-id=\"51d399e\" data-element_type=\"widget\" data-e-type=\"widget\" data-widget_type=\"text-editor.default\">\n\t\t\t\t<div class=\"elementor-widget-container\">\n\t\t\t\t\t\t\t\t\t<p>Vous agrandissez votre \u00e9quipe de vente ou de marketing? Que vous restiez dans votre pays ou que vous d\u00e9cidiez d\u2019aller \u00e0 l\u2019\u00e9tranger \u00e0 la recherche des meilleurs talents locaux: Culture Fitter trouve les personnes id\u00e9ales pous vous. Nous le faisons toujours en tenant compte de la culture de votre entreprise et des strat\u00e9gies de ventes et de commercialisation qui changent constamment.<\/p>\n<p>Depuis des directeurs de client\u00e8le, responsables des ventes, responsables de d\u00e9veloppement commercial et personnel de ventes internes jusqu\u2019\u00e0 des chefs de produits, responsables marketing et professionnels du marketing digital&#8230;Culture Fitter vous aide \u00e0 trouver la meilleure option.<\/p>\n\t\t\t\t\t\t\t\t<\/div>\n\t\t\t\t<\/div>\n\t\t\t\t\t<\/div>\n\t\t<\/div>\n\t\t\t\t\t<\/div>\n\t\t<\/section>\n\t\t\t\t<section class=\"elementor-section elementor-top-section elementor-element elementor-element-9e05560 elementor-section-boxed elementor-section-height-default elementor-section-height-default\" data-id=\"9e05560\" data-element_type=\"section\" data-e-type=\"section\">\n\t\t\t\t\t\t<div class=\"elementor-container elementor-column-gap-default\">\n\t\t\t\t\t<div class=\"elementor-column elementor-col-100 elementor-top-column elementor-element elementor-element-f76b988\" data-id=\"f76b988\" data-element_type=\"column\" data-e-type=\"column\" data-settings=\"{&quot;background_background&quot;:&quot;classic&quot;}\">\n\t\t\t<div class=\"elementor-widget-wrap elementor-element-populated\">\n\t\t\t\t\t\t<div class=\"elementor-element elementor-element-d565137 elementor-view-default elementor-widget elementor-widget-icon\" data-id=\"d565137\" data-element_type=\"widget\" data-e-type=\"widget\" data-widget_type=\"icon.default\">\n\t\t\t\t<div class=\"elementor-widget-container\">\n\t\t\t\t\t\t\t<div class=\"elementor-icon-wrapper\">\n\t\t\t<div class=\"elementor-icon\">\n\t\t\t<svg xmlns=\"http:\/\/www.w3.org\/2000\/svg\" width=\"100\" height=\"100\" viewBox=\"0 0 100 100\"><g id=\"executivesearch\" transform=\"translate(-227 -834)\"><rect id=\"Rectangle_15\" data-name=\"Rectangle 15\" width=\"100\" height=\"100\" transform=\"translate(227 834)\" fill=\"none\"><\/rect><g id=\"Laag_2\" data-name=\"Laag 2\" transform=\"translate(248.108 849.7)\"><g id=\"Laag_1\" data-name=\"Laag 1\" transform=\"translate(0.5 0.5)\"><g id=\"Group_12\" data-name=\"Group 12\"><path id=\"Path_49\" data-name=\"Path 49\" d=\"M22.194,42.329a5.423,5.423,0,0,0,5.423-5.423V18.235a4.786,4.786,0,0,0-3.268-4.529L20.838,12.5l-6.779,6.779L7.279,12.5,3.768,13.707A4.786,4.786,0,0,0,.5,18.235v18.67a5.423,5.423,0,0,0,5.423,5.423\" transform=\"translate(-0.5 3.688)\" fill=\"none\" stroke=\"#262626\" stroke-linejoin=\"round\" stroke-width=\"2\"><\/path><circle id=\"Ellipse_9\" data-name=\"Ellipse 9\" cx=\"6.941\" cy=\"6.941\" r=\"6.941\" transform=\"translate(6.533)\" fill=\"none\" stroke=\"#262626\" stroke-linecap=\"round\" stroke-linejoin=\"round\" stroke-width=\"2\"><\/circle><path id=\"Path_50\" data-name=\"Path 50\" d=\"M20.77,20.5V59.82a1.356,1.356,0,0,1-1.356,1.356H5.856A1.356,1.356,0,0,1,4.5,59.82V20.5\" transform=\"translate(0.923 6.424)\" fill=\"none\" stroke=\"#262626\" stroke-linecap=\"round\" stroke-linejoin=\"round\" stroke-width=\"2\"><\/path><line id=\"Line_11\" data-name=\"Line 11\" y2=\"24.499\" transform=\"translate(13.843 43.088)\" fill=\"none\" stroke=\"#262626\" stroke-linecap=\"round\" stroke-linejoin=\"round\" stroke-width=\"2\"><\/line><path id=\"Path_51\" data-name=\"Path 51\" d=\"M35.279,48.74l-4.19,2.319.8-4.908L28.5,42.679l4.678-.719,2.1-4.461,2.1,4.461,4.678.719-3.39,3.471.8,4.908Z\" transform=\"translate(9.302 12.474)\" fill=\"none\" stroke=\"#262626\" stroke-linecap=\"round\" stroke-linejoin=\"round\" stroke-width=\"2\"><\/path><path id=\"Path_52\" data-name=\"Path 52\" d=\"M35.991,36.242,30.12,39.482l1.125-6.874L26.5,27.754l6.549-1L35.991,20.5l2.942,6.251,6.549,1-4.746,4.854,1.125,6.874Z\" transform=\"translate(8.59 6.51)\" fill=\"none\" stroke=\"#262626\" stroke-linecap=\"round\" stroke-linejoin=\"round\" stroke-width=\"2\"><\/path><path id=\"Path_53\" data-name=\"Path 53\" d=\"M36.7,20.743l-7.539,4.163,1.437-8.84L24.5,9.828,32.92,8.54,36.7.5l3.769,8.04,8.433,1.288-6.1,6.237,1.437,8.84Z\" transform=\"translate(7.878 -0.5)\" fill=\"none\" stroke=\"#262626\" stroke-linecap=\"round\" stroke-linejoin=\"round\" stroke-width=\"2\"><\/path><\/g><\/g><\/g><\/g><\/svg>\t\t\t<\/div>\n\t\t<\/div>\n\t\t\t\t\t\t<\/div>\n\t\t\t\t<\/div>\n\t\t\t\t<div class=\"elementor-element elementor-element-c0c345c elementor-widget elementor-widget-heading\" data-id=\"c0c345c\" data-element_type=\"widget\" data-e-type=\"widget\" data-widget_type=\"heading.default\">\n\t\t\t\t<div class=\"elementor-widget-container\">\n\t\t\t\t\t<h3 class=\"elementor-heading-title elementor-size-default\">RECHERCHE DE CADRES<\/h3>\t\t\t\t<\/div>\n\t\t\t\t<\/div>\n\t\t\t\t<div class=\"elementor-element elementor-element-f11fb39 elementor-hidden-desktop elementor-hidden-tablet elementor-widget elementor-widget-image\" data-id=\"f11fb39\" data-element_type=\"widget\" data-e-type=\"widget\" data-widget_type=\"image.default\">\n\t\t\t\t<div class=\"elementor-widget-container\">\n\t\t\t\t\t\t\t\t\t\t\t\t\t\t\t<img decoding=\"async\" width=\"284\" height=\"10\" src=\"https:\/\/www.culturefitter.com\/wp-content\/uploads\/2021\/06\/lijn_284x10px_oranje.jpg\" class=\"attachment-full size-full wp-image-544\" alt=\"\" \/>\t\t\t\t\t\t\t\t\t\t\t\t\t\t\t<\/div>\n\t\t\t\t<\/div>\n\t\t\t\t<div class=\"elementor-element elementor-element-88e8553 elementor-hidden-phone elementor-widget elementor-widget-image\" data-id=\"88e8553\" data-element_type=\"widget\" data-e-type=\"widget\" data-widget_type=\"image.default\">\n\t\t\t\t<div class=\"elementor-widget-container\">\n\t\t\t\t\t\t\t\t\t\t\t\t\t\t\t<img loading=\"lazy\" decoding=\"async\" width=\"588\" height=\"10\" src=\"https:\/\/www.culturefitter.com\/wp-content\/uploads\/2021\/06\/es_line_orange.svg\" class=\"attachment-full size-full wp-image-52\" alt=\"\" \/>\t\t\t\t\t\t\t\t\t\t\t\t\t\t\t<\/div>\n\t\t\t\t<\/div>\n\t\t\t\t<div class=\"elementor-element elementor-element-59869a2 elementor-widget elementor-widget-text-editor\" data-id=\"59869a2\" data-element_type=\"widget\" data-e-type=\"widget\" data-widget_type=\"text-editor.default\">\n\t\t\t\t<div class=\"elementor-widget-container\">\n\t\t\t\t\t\t\t\t\t<p>Le monde qui nous entoure change constamment, et \u00e0 un rythme de plus en plus rapide. Les entreprises doivent \u00e9voluer au m\u00eame rythme, ce qui veut dire que le leadership aussi devrait \u00e9voluer. Diriger une entreprise et une \u00e9quipe pendant ce type de transition est tr\u00e8s beau et stimulant. Mais cela fonctionne seulement si vous comptez sur des leaders pr\u00e9par\u00e9s pour le futur qui peuvent d\u00e8s aujourd\u2019hui voir et r\u00e8gler les probl\u00e8mes de demain.<\/p>\n<p>Culture Fitter est sp\u00e9cialiste dans la recherche exacte de ce dont vous avez besoin et de qui vous avez besoin et trouve ce candidat id\u00e9al pour vous. Tant si vous avez besoin d\u2019un directeur g\u00e9n\u00e9ral, d\u2019un directeur d\u2019op\u00e9rations, d\u2019un directeur financier, d\u2019un directeur de ventes, d\u2019un directeur commercial ou d\u2019un directeur de marketing, ou de tous.<\/p>\n\t\t\t\t\t\t\t\t<\/div>\n\t\t\t\t<\/div>\n\t\t\t\t\t<\/div>\n\t\t<\/div>\n\t\t\t\t\t<\/div>\n\t\t<\/section>\n\t\t\t\t<section class=\"elementor-section elementor-top-section elementor-element elementor-element-2464201 elementor-section-boxed elementor-section-height-default elementor-section-height-default\" data-id=\"2464201\" data-element_type=\"section\" data-e-type=\"section\">\n\t\t\t\t\t\t<div class=\"elementor-container elementor-column-gap-default\">\n\t\t\t\t\t<div class=\"elementor-column elementor-col-100 elementor-top-column elementor-element elementor-element-e82a2d7\" data-id=\"e82a2d7\" data-element_type=\"column\" data-e-type=\"column\" data-settings=\"{&quot;background_background&quot;:&quot;classic&quot;}\">\n\t\t\t<div class=\"elementor-widget-wrap elementor-element-populated\">\n\t\t\t\t\t\t<div class=\"elementor-element elementor-element-b18078f elementor-view-default elementor-widget elementor-widget-icon\" data-id=\"b18078f\" data-element_type=\"widget\" data-e-type=\"widget\" data-widget_type=\"icon.default\">\n\t\t\t\t<div class=\"elementor-widget-container\">\n\t\t\t\t\t\t\t<div class=\"elementor-icon-wrapper\">\n\t\t\t<div class=\"elementor-icon\">\n\t\t\t<svg xmlns=\"http:\/\/www.w3.org\/2000\/svg\" width=\"100\" height=\"100\" viewBox=\"0 0 100 100\"><g id=\"interim\" transform=\"translate(-227 -834)\"><rect id=\"Rectangle_15\" data-name=\"Rectangle 15\" width=\"100\" height=\"100\" transform=\"translate(227 834)\" fill=\"none\"><\/rect><g id=\"Laag_2\" data-name=\"Laag 2\" transform=\"translate(238.19 847.599)\"><g id=\"Laag_1\" data-name=\"Laag 1\" transform=\"translate(0.5 0.5)\"><g id=\"Group_11\" data-name=\"Group 11\"><line id=\"Line_7\" data-name=\"Line 7\" y2=\"12.897\" transform=\"translate(37.969)\" fill=\"none\" stroke=\"#262626\" stroke-linecap=\"round\" stroke-linejoin=\"round\" stroke-width=\"2\"><\/line><line id=\"Line_8\" data-name=\"Line 8\" x2=\"12.897\" transform=\"translate(0 37.969)\" fill=\"none\" stroke=\"#262626\" stroke-linecap=\"round\" stroke-linejoin=\"round\" stroke-width=\"2\"><\/line><line id=\"Line_9\" data-name=\"Line 9\" y2=\"12.897\" transform=\"translate(37.969 63.885)\" fill=\"none\" stroke=\"#262626\" stroke-linecap=\"round\" stroke-linejoin=\"round\" stroke-width=\"2\"><\/line><line id=\"Line_10\" data-name=\"Line 10\" x2=\"12.897\" transform=\"translate(63.885 37.969)\" fill=\"none\" stroke=\"#262626\" stroke-linecap=\"round\" stroke-linejoin=\"round\" stroke-width=\"2\"><\/line><circle id=\"Ellipse_6\" data-name=\"Ellipse 6\" cx=\"31.943\" cy=\"31.943\" r=\"31.943\" transform=\"translate(5.527 5.527)\" fill=\"none\" stroke=\"#262626\" stroke-linejoin=\"round\" stroke-width=\"2\"><\/circle><circle id=\"Ellipse_7\" data-name=\"Ellipse 7\" cx=\"20.359\" cy=\"20.359\" r=\"20.359\" transform=\"translate(17.649 17.649)\" fill=\"none\" stroke=\"#262626\" stroke-linejoin=\"round\" stroke-width=\"2\"><\/circle><ellipse id=\"Ellipse_8\" data-name=\"Ellipse 8\" cx=\"6.448\" cy=\"5.988\" rx=\"6.448\" ry=\"5.988\" transform=\"translate(31.528 26.587)\" fill=\"none\" stroke=\"#262626\" stroke-linejoin=\"round\" stroke-width=\"2\"><\/ellipse><path id=\"Path_48\" data-name=\"Path 48\" d=\"M42.106,36.216c0-5.185-4.846-7.716-10.8-7.716s-10.8,2.531-10.8,7.716\" transform=\"translate(6.87 10.711)\" fill=\"none\" stroke=\"#262626\" stroke-linecap=\"round\" stroke-linejoin=\"round\" stroke-width=\"2\"><\/path><\/g><\/g><\/g><\/g><\/svg>\t\t\t<\/div>\n\t\t<\/div>\n\t\t\t\t\t\t<\/div>\n\t\t\t\t<\/div>\n\t\t\t\t<div class=\"elementor-element elementor-element-ef15616 elementor-widget elementor-widget-heading\" data-id=\"ef15616\" data-element_type=\"widget\" data-e-type=\"widget\" data-widget_type=\"heading.default\">\n\t\t\t\t<div class=\"elementor-widget-container\">\n\t\t\t\t\t<h3 class=\"elementor-heading-title elementor-size-default\">INTERIMAIRES<\/h3>\t\t\t\t<\/div>\n\t\t\t\t<\/div>\n\t\t\t\t<div class=\"elementor-element elementor-element-1e9ec31 elementor-hidden-desktop elementor-hidden-tablet elementor-widget elementor-widget-image\" data-id=\"1e9ec31\" data-element_type=\"widget\" data-e-type=\"widget\" data-widget_type=\"image.default\">\n\t\t\t\t<div class=\"elementor-widget-container\">\n\t\t\t\t\t\t\t\t\t\t\t\t\t\t\t<img loading=\"lazy\" decoding=\"async\" width=\"284\" height=\"10\" src=\"https:\/\/www.culturefitter.com\/wp-content\/uploads\/2021\/06\/lijn_284x10px_groen.jpg\" class=\"attachment-full size-full wp-image-543\" alt=\"\" \/>\t\t\t\t\t\t\t\t\t\t\t\t\t\t\t<\/div>\n\t\t\t\t<\/div>\n\t\t\t\t<div class=\"elementor-element elementor-element-030928b elementor-hidden-phone elementor-widget elementor-widget-image\" data-id=\"030928b\" data-element_type=\"widget\" data-e-type=\"widget\" data-widget_type=\"image.default\">\n\t\t\t\t<div class=\"elementor-widget-container\">\n\t\t\t\t\t\t\t\t\t\t\t\t\t\t\t<img loading=\"lazy\" decoding=\"async\" width=\"588\" height=\"10\" src=\"https:\/\/www.culturefitter.com\/wp-content\/uploads\/2021\/06\/i_line_green.svg\" class=\"attachment-full size-full wp-image-55\" alt=\"\" \/>\t\t\t\t\t\t\t\t\t\t\t\t\t\t\t<\/div>\n\t\t\t\t<\/div>\n\t\t\t\t<div class=\"elementor-element elementor-element-bb3a6aa elementor-widget elementor-widget-text-editor\" data-id=\"bb3a6aa\" data-element_type=\"widget\" data-e-type=\"widget\" data-widget_type=\"text-editor.default\">\n\t\t\t\t<div class=\"elementor-widget-container\">\n\t\t\t\t\t\t\t\t\t<p>Vous avez besoin d\u2019aide temporaire ou \u00e0 court terme? M\u00eame dans le cas de solutions temporaires, il est important que l\u2019employ\u00e9 se sente li\u00e9 \u00e0 votre entreprise et qu\u2019il apporte une valeur ajout\u00e9e. Culture Fitter vous pr\u00e9sentera exactement ce candidat.<\/p>\n<p>Un coll\u00e8gue est en arr\u00eat maladie pour une longue dur\u00e9e, en cong\u00e9 de maternit\u00e9 ou de paternit\u00e9 ou vous voulez vous-m\u00eame vous reposer? Aucun probl\u00e8me &#8211; nous trouverons le rempla\u00e7ant le plus ad\u00e9quat. Vous voulez explorer le march\u00e9 ext\u00e9rieur sans recruter imm\u00e9diatement un vendeur \u00e0 temps plein? Dans ce cas-l\u00e0 aussi, nous trouverons rapidement une solution pour vous.<\/p>\n\t\t\t\t\t\t\t\t<\/div>\n\t\t\t\t<\/div>\n\t\t\t\t\t<\/div>\n\t\t<\/div>\n\t\t\t\t\t<\/div>\n\t\t<\/section>\n\t\t\t\t<section class=\"elementor-section elementor-top-section elementor-element elementor-element-5994e8f elementor-section-boxed elementor-section-height-default elementor-section-height-default\" data-id=\"5994e8f\" data-element_type=\"section\" data-e-type=\"section\" data-settings=\"{&quot;background_background&quot;:&quot;classic&quot;}\">\n\t\t\t\t\t\t<div class=\"elementor-container elementor-column-gap-default\">\n\t\t\t\t\t<div class=\"elementor-column elementor-col-50 elementor-top-column elementor-element elementor-element-27c034a\" data-id=\"27c034a\" data-element_type=\"column\" data-e-type=\"column\">\n\t\t\t<div class=\"elementor-widget-wrap elementor-element-populated\">\n\t\t\t\t\t\t<div class=\"elementor-element elementor-element-d79cd48 elementor-widget elementor-widget-heading\" data-id=\"d79cd48\" data-element_type=\"widget\" data-e-type=\"widget\" data-widget_type=\"heading.default\">\n\t\t\t\t<div class=\"elementor-widget-container\">\n\t\t\t\t\t<h4 class=\"elementor-heading-title elementor-size-default\">VOUS VOULEZ EN SAVOIR PLUS?<\/h4>\t\t\t\t<\/div>\n\t\t\t\t<\/div>\n\t\t\t\t<div class=\"elementor-element elementor-element-76e3136 elementor-widget elementor-widget-text-editor\" data-id=\"76e3136\" data-element_type=\"widget\" data-e-type=\"widget\" data-widget_type=\"text-editor.default\">\n\t\t\t\t<div class=\"elementor-widget-container\">\n\t\t\t\t\t\t\t\t\t<p>Vous vous demandez quelles sont les possibilit\u00e9s? Envoyez-nous un email, ou mieux encore, t\u00e9l\u00e9phonez-nous!<\/p>\n\t\t\t\t\t\t\t\t<\/div>\n\t\t\t\t<\/div>\n\t\t\t\t\t<\/div>\n\t\t<\/div>\n\t\t\t\t<div class=\"elementor-column elementor-col-50 elementor-top-column elementor-element elementor-element-1310da4\" data-id=\"1310da4\" data-element_type=\"column\" data-e-type=\"column\">\n\t\t\t<div class=\"elementor-widget-wrap elementor-element-populated\">\n\t\t\t\t\t\t<div class=\"elementor-element elementor-element-a511587 elementor-align-center elementor-mobile-align-left elementor-widget elementor-widget-button\" data-id=\"a511587\" data-element_type=\"widget\" data-e-type=\"widget\" data-widget_type=\"button.default\">\n\t\t\t\t<div class=\"elementor-widget-container\">\n\t\t\t\t\t\t\t\t\t<div class=\"elementor-button-wrapper\">\n\t\t\t\t\t<a class=\"elementor-button elementor-button-link elementor-size-sm\" href=\"https:\/\/www.culturefitter.com\/fr\/contactez-nous\/\">\n\t\t\t\t\t\t<span class=\"elementor-button-content-wrapper\">\n\t\t\t\t\t\t\t\t\t<span class=\"elementor-button-text\">Contactez-nous<\/span>\n\t\t\t\t\t<\/span>\n\t\t\t\t\t<\/a>\n\t\t\t\t<\/div>\n\t\t\t\t\t\t\t\t<\/div>\n\t\t\t\t<\/div>\n\t\t\t\t\t<\/div>\n\t\t<\/div>\n\t\t\t\t\t<\/div>\n\t\t<\/section>\n\t\t\t\t<\/div>\n\t\t","protected":false},"excerpt":{"rendered":"<p>Prestations de service Culture Fitter vous offre diff\u00e9rents services. S\u2019il s\u2019agit de trouver un commercial, un dirigeant pour votre entreprise ou un professionnel de mani\u00e8re temporaire, nous nous en occupons! RECRUTEMENT INTERNATIONAL Vous agrandissez votre \u00e9quipe de vente ou de marketing? Que vous restiez dans votre pays ou que vous d\u00e9cidiez d\u2019aller \u00e0 l\u2019\u00e9tranger \u00e0 [&hellip;]<\/p>\n","protected":false},"author":1,"featured_media":0,"parent":0,"menu_order":0,"comment_status":"closed","ping_status":"closed","template":"","meta":{"_acf_changed":false,"footnotes":""},"class_list":["post-639","page","type-page","status-publish","hentry"],"acf":[],"_links":{"self":[{"href":"https:\/\/www.culturefitter.com\/fr\/wp-json\/wp\/v2\/pages\/639","targetHints":{"allow":["GET"]}}],"collection":[{"href":"https:\/\/www.culturefitter.com\/fr\/wp-json\/wp\/v2\/pages"}],"about":[{"href":"https:\/\/www.culturefitter.com\/fr\/wp-json\/wp\/v2\/types\/page"}],"author":[{"embeddable":true,"href":"https:\/\/www.culturefitter.com\/fr\/wp-json\/wp\/v2\/users\/1"}],"replies":[{"embeddable":true,"href":"https:\/\/www.culturefitter.com\/fr\/wp-json\/wp\/v2\/comments?post=639"}],"version-history":[{"count":0,"href":"https:\/\/www.culturefitter.com\/fr\/wp-json\/wp\/v2\/pages\/639\/revisions"}],"wp:attachment":[{"href":"https:\/\/www.culturefitter.com\/fr\/wp-json\/wp\/v2\/media?parent=639"}],"curies":[{"name":"wp","href":"https:\/\/api.w.org\/{rel}","templated":true}]}}