{"id":573,"date":"2021-06-29T14:05:28","date_gmt":"2021-06-29T14:05:28","guid":{"rendered":"https:\/\/www.culturefitter.com\/qui-sommes-nous\/"},"modified":"2021-07-04T11:16:13","modified_gmt":"2021-07-04T11:16:13","slug":"qui-sommes-nous","status":"publish","type":"page","link":"https:\/\/www.culturefitter.com\/it\/qui-sommes-nous\/","title":{"rendered":"Chi siamo"},"content":{"rendered":"\t\t<div data-elementor-type=\"wp-page\" data-elementor-id=\"573\" class=\"elementor elementor-573 elementor-6\" data-elementor-post-type=\"page\">\n\t\t\t\t\t\t<section class=\"elementor-section elementor-top-section elementor-element elementor-element-c78a56a elementor-section-height-min-height elementor-section-boxed elementor-section-height-default elementor-section-items-middle\" data-id=\"c78a56a\" data-element_type=\"section\" data-e-type=\"section\" data-settings=\"{&quot;background_background&quot;:&quot;classic&quot;}\">\n\t\t\t\t\t\t\t<div class=\"elementor-background-overlay\"><\/div>\n\t\t\t\t\t\t\t<div class=\"elementor-container elementor-column-gap-default\">\n\t\t\t\t\t<div class=\"elementor-column elementor-col-100 elementor-top-column elementor-element elementor-element-6851919\" data-id=\"6851919\" data-element_type=\"column\" data-e-type=\"column\">\n\t\t\t<div class=\"elementor-widget-wrap\">\n\t\t\t\t\t\t\t<\/div>\n\t\t<\/div>\n\t\t\t\t\t<\/div>\n\t\t<\/section>\n\t\t\t\t<section class=\"elementor-section elementor-top-section elementor-element elementor-element-d99f028 elementor-section-boxed elementor-section-height-default elementor-section-height-default\" data-id=\"d99f028\" data-element_type=\"section\" data-e-type=\"section\">\n\t\t\t\t\t\t<div class=\"elementor-container elementor-column-gap-default\">\n\t\t\t\t\t<div class=\"elementor-column elementor-col-50 elementor-top-column elementor-element elementor-element-a51be2c\" data-id=\"a51be2c\" data-element_type=\"column\" data-e-type=\"column\">\n\t\t\t<div class=\"elementor-widget-wrap elementor-element-populated\">\n\t\t\t\t\t\t<div class=\"elementor-element elementor-element-30e3109 elementor-widget elementor-widget-heading\" data-id=\"30e3109\" data-element_type=\"widget\" data-e-type=\"widget\" data-widget_type=\"heading.default\">\n\t\t\t\t<div class=\"elementor-widget-container\">\n\t\t\t\t\t<h1 class=\"elementor-heading-title elementor-size-default\">Chi siamo<\/h1>\t\t\t\t<\/div>\n\t\t\t\t<\/div>\n\t\t\t\t<div class=\"elementor-element elementor-element-ed9fcef elementor-widget elementor-widget-text-editor\" data-id=\"ed9fcef\" data-element_type=\"widget\" data-e-type=\"widget\" data-widget_type=\"text-editor.default\">\n\t\t\t\t<div class=\"elementor-widget-container\">\n\t\t\t\t\t\t\t\t\t<p>Cosa c\u2019\u00e8 di meglio se non il poter connettere le persone giuste alla giusta cultura? Una cultura aziendale in cui le persone si riconoscono e in cui lavorano con piacere? Dove le persone imparano a sfruttare il loro potenziale a pieno?<\/p>\n\t\t\t\t\t\t\t\t<\/div>\n\t\t\t\t<\/div>\n\t\t\t\t<div class=\"elementor-element elementor-element-e4c2913 elementor-widget elementor-widget-text-editor\" data-id=\"e4c2913\" data-element_type=\"widget\" data-e-type=\"widget\" data-widget_type=\"text-editor.default\">\n\t\t\t\t<div class=\"elementor-widget-container\">\n\t\t\t\t\t\t\t\t\t<h3>Il \u2018fit\u2019 perfetto tra persona e cultura<\/h3>\n<p>Culture Fitter mette le persone pi\u00f9 adatte nelle giuste posizioni \u2013 esattamente quelle persone che si integrano perfettamente nella cultura aziendale. Persone che si sentono parte di una macchina energetica che trasmette tutta questa energia. Perch\u00e9 \u00e8 proprio questo \u2018fit\u2019 tra le persone e la cultura che fa s\u00ec che i dipendenti sentano la chimica, facendo cose che gli si addicono, cose in cui sono bravi, aumentando cos\u00ec la loro passione per il loro lavoro. Non pensa che questo aiuti a migliorare i suoi risultati aziendali?<\/p>\n<p>Che ne dice: vuole vedere dei dipendenti felici, no? Persone che senza sforzo e con molto piacere lavorano sodo per fare progressi insieme? Questo \u00e8 ci\u00f2 di cui sono capaci le persone giuste nella giusta posizione. Si sentiranno pi\u00f9 appagati, resteranno pi\u00f9 a lungo nell\u2019azienda, si svilupperanno e cresceranno.<\/p>\n<h3>Pi\u00f9 dinamismo, coinvolgimento e passione<\/h3>\n<p>Del sangue nuovo in un team corrisponde spesso ad un\u2019accelerazione nel processo di cambiamento. Agendo come gli ambasciatori del cambiamento che vuole vedere. Questo infonde pi\u00f9 energia in generale.<\/p>\n<p>Il \u2018fit\u2019 perfetto tra la persona e la cultura porta a pi\u00f9 dinamismo, coinvolgimento e passione. Se a questo aggiungiamo la nuova energia, d\u00e0 un contributo diretto a risultati migliori e ad una crescita durevole del business.<\/p>\n<h3>Attenzione personale<\/h3>\n<p>Culture Fitter non crede al \u201cone size fits all\u201d. \u00c9 una questione di persone. E di un lavoro fatto su misura. Otterr\u00e0 un\u2019attenzione personale e sincera, che lei sia un datore di lavoro o un candidato.<\/p>\n<p>Chi \u00e8, cosa vuole, quali sono i suoi valori ed i suoi obiettivi? Conduciamo delle interviste approfondite in modo da poter conoscere lei e la sua azienda veramente. Laddove sia necessario faremo anche dei test e delle analisi. Otterremo cos\u00ec un quadro completo del suo team, della sua organizzazione e del suo nuovo candidato.<\/p>\n<h3>Un network globale<\/h3>\n<p>Costruire un team locale all\u2019estero o espandere la sua azienda \u2018semplicemente\u2019 a livello locale? Grazie al nostro network in continua crescita Culture Fitter \u00e8 in grado di creare velocemente il giusto \u2018fit\u2019. In tutto il mondo.<\/p>\n\t\t\t\t\t\t\t\t<\/div>\n\t\t\t\t<\/div>\n\t\t\t\t\t<\/div>\n\t\t<\/div>\n\t\t\t\t<div class=\"elementor-column elementor-col-50 elementor-top-column elementor-element elementor-element-2dd770b\" data-id=\"2dd770b\" data-element_type=\"column\" data-e-type=\"column\">\n\t\t\t<div class=\"elementor-widget-wrap\">\n\t\t\t\t\t\t\t<\/div>\n\t\t<\/div>\n\t\t\t\t\t<\/div>\n\t\t<\/section>\n\t\t\t\t<section class=\"elementor-section elementor-top-section elementor-element elementor-element-1fa851a elementor-section-boxed elementor-section-height-default elementor-section-height-default\" data-id=\"1fa851a\" data-element_type=\"section\" data-e-type=\"section\" data-settings=\"{&quot;background_background&quot;:&quot;classic&quot;}\">\n\t\t\t\t\t\t<div class=\"elementor-container elementor-column-gap-default\">\n\t\t\t\t\t<div class=\"elementor-column elementor-col-50 elementor-top-column elementor-element elementor-element-28d0fe3\" data-id=\"28d0fe3\" data-element_type=\"column\" data-e-type=\"column\">\n\t\t\t<div class=\"elementor-widget-wrap elementor-element-populated\">\n\t\t\t\t\t\t<div class=\"elementor-element elementor-element-80c00ae elementor-widget elementor-widget-image\" data-id=\"80c00ae\" data-element_type=\"widget\" data-e-type=\"widget\" data-widget_type=\"image.default\">\n\t\t\t\t<div class=\"elementor-widget-container\">\n\t\t\t\t\t\t\t\t\t\t\t\t\t\t\t<img fetchpriority=\"high\" decoding=\"async\" width=\"689\" height=\"1000\" src=\"https:\/\/www.culturefitter.com\/wp-content\/uploads\/2021\/06\/Sander-Bruinsma.jpg\" class=\"attachment-medium_large size-medium_large wp-image-750\" alt=\"\" srcset=\"https:\/\/www.culturefitter.com\/wp-content\/uploads\/2021\/06\/Sander-Bruinsma.jpg 689w, https:\/\/www.culturefitter.com\/wp-content\/uploads\/2021\/06\/Sander-Bruinsma-207x300.jpg 207w\" sizes=\"(max-width: 689px) 100vw, 689px\" \/>\t\t\t\t\t\t\t\t\t\t\t\t\t\t\t<\/div>\n\t\t\t\t<\/div>\n\t\t\t\t\t<\/div>\n\t\t<\/div>\n\t\t\t\t<div class=\"elementor-column elementor-col-50 elementor-top-column elementor-element elementor-element-1a16793\" data-id=\"1a16793\" data-element_type=\"column\" data-e-type=\"column\">\n\t\t\t<div class=\"elementor-widget-wrap elementor-element-populated\">\n\t\t\t\t\t\t<div class=\"elementor-element elementor-element-48e7151 elementor-widget elementor-widget-heading\" data-id=\"48e7151\" data-element_type=\"widget\" data-e-type=\"widget\" data-widget_type=\"heading.default\">\n\t\t\t\t<div class=\"elementor-widget-container\">\n\t\t\t\t\t<h2 class=\"elementor-heading-title elementor-size-default\">A proposito del fondatore: Sander Bruinsma<\/h2>\t\t\t\t<\/div>\n\t\t\t\t<\/div>\n\t\t\t\t<div class=\"elementor-element elementor-element-a342915 elementor-hidden-phone elementor-widget elementor-widget-image\" data-id=\"a342915\" data-element_type=\"widget\" data-e-type=\"widget\" data-widget_type=\"image.default\">\n\t\t\t\t<div class=\"elementor-widget-container\">\n\t\t\t\t\t\t\t\t\t\t\t\t\t\t\t<img decoding=\"async\" width=\"588\" height=\"10\" src=\"https:\/\/www.culturefitter.com\/wp-content\/uploads\/2021\/06\/Mask-Group-2.svg\" class=\"attachment-full size-full wp-image-749\" alt=\"\" \/>\t\t\t\t\t\t\t\t\t\t\t\t\t\t\t<\/div>\n\t\t\t\t<\/div>\n\t\t\t\t<div class=\"elementor-element elementor-element-d3989ea elementor-hidden-desktop elementor-hidden-tablet elementor-widget elementor-widget-image\" data-id=\"d3989ea\" data-element_type=\"widget\" data-e-type=\"widget\" data-widget_type=\"image.default\">\n\t\t\t\t<div class=\"elementor-widget-container\">\n\t\t\t\t\t\t\t\t\t\t\t\t\t\t\t<img decoding=\"async\" width=\"284\" height=\"10\" src=\"https:\/\/www.culturefitter.com\/wp-content\/uploads\/2021\/06\/lijn_284x10px_blauw.jpg\" class=\"attachment-full size-full wp-image-559\" alt=\"\" \/>\t\t\t\t\t\t\t\t\t\t\t\t\t\t\t<\/div>\n\t\t\t\t<\/div>\n\t\t\t\t<div class=\"elementor-element elementor-element-c407e60 elementor-widget elementor-widget-text-editor\" data-id=\"c407e60\" data-element_type=\"widget\" data-e-type=\"widget\" data-widget_type=\"text-editor.default\">\n\t\t\t\t<div class=\"elementor-widget-container\">\n\t\t\t\t\t\t\t\t\t<p>Dal 1997 Sander Bruinsma ha ricoperto diversi ruoli commerciali &#8211; sia a livello manageriale che strategico, ma ora \u00e8\u00a0 arrivato il momento di fare un nuovo passo avanti. Culture Fitter \u00e8 esattamente ci\u00f2 che Sander rappresenta: un reclutamento orientato ai risultati, creativo, analitico e mostrando interesse per e attenzione alle persone.<\/p>\n<p>La passione per l\u2019internazionalit\u00e0, per le persone, per la cultura nel senso pi\u00f9 ampio della parola e per la strategia sono il fondamento di questa eccezionale societ\u00e0 di reclutamento. Dopo anni di viaggi e di vita in tutto il mondo, Sander si \u00e8 trovato a casa in Culture Fitter.<\/p>\n\t\t\t\t\t\t\t\t<\/div>\n\t\t\t\t<\/div>\n\t\t\t\t\t<\/div>\n\t\t<\/div>\n\t\t\t\t\t<\/div>\n\t\t<\/section>\n\t\t\t\t<section class=\"elementor-section elementor-top-section elementor-element elementor-element-94009fa elementor-section-boxed elementor-section-height-default elementor-section-height-default\" data-id=\"94009fa\" data-element_type=\"section\" data-e-type=\"section\">\n\t\t\t\t\t\t<div class=\"elementor-container elementor-column-gap-default\">\n\t\t\t\t\t<div class=\"elementor-column elementor-col-50 elementor-top-column elementor-element elementor-element-9d70e06\" data-id=\"9d70e06\" data-element_type=\"column\" data-e-type=\"column\">\n\t\t\t<div class=\"elementor-widget-wrap elementor-element-populated\">\n\t\t\t\t\t\t<div class=\"elementor-element elementor-element-e4c4a5d elementor-widget elementor-widget-heading\" data-id=\"e4c4a5d\" data-element_type=\"widget\" data-e-type=\"widget\" data-widget_type=\"heading.default\">\n\t\t\t\t<div class=\"elementor-widget-container\">\n\t\t\t\t\t<h2 class=\"elementor-heading-title elementor-size-default\">SCOPO DEL BRAND<\/h2>\t\t\t\t<\/div>\n\t\t\t\t<\/div>\n\t\t\t\t<div class=\"elementor-element elementor-element-fc954f0 elementor-widget elementor-widget-text-editor\" data-id=\"fc954f0\" data-element_type=\"widget\" data-e-type=\"widget\" data-widget_type=\"text-editor.default\">\n\t\t\t\t<div class=\"elementor-widget-container\">\n\t\t\t\t\t\t\t\t\t<p>Guidare un&#8217;azienda significa qualcosa in pi\u00f9 che semplicemente fare profitto. Culture Fitter crede nelle persone e nella missione per realizzare questo profitto. Si comincia con il benessere dei dipendenti, perch\u00e9 i risultati aziendali seguiranno. Si tratta di assumersi la responsabilit\u00e0 e di creare una cultura aziendale che porti alla crescita. Perci\u00f2 aiutiamo le aziende dell&#8217;industria globale dei DPI (Dispositivi di Protezione Individuale) a trovare i migliori candidati: professionisti adatti al lavoro e alla cultura dell&#8217;azienda.<\/p>\n\t\t\t\t\t\t\t\t<\/div>\n\t\t\t\t<\/div>\n\t\t\t\t<div class=\"elementor-element elementor-element-7b2dbf7 elementor-position-inline-start elementor-view-default elementor-mobile-position-block-start elementor-widget elementor-widget-icon-box\" data-id=\"7b2dbf7\" data-element_type=\"widget\" data-e-type=\"widget\" data-widget_type=\"icon-box.default\">\n\t\t\t\t<div class=\"elementor-widget-container\">\n\t\t\t\t\t\t\t<div class=\"elementor-icon-box-wrapper\">\n\n\t\t\t\t\t\t<div class=\"elementor-icon-box-icon\">\n\t\t\t\t<span  class=\"elementor-icon\">\n\t\t\t\t<svg xmlns=\"http:\/\/www.w3.org\/2000\/svg\" width=\"100\" height=\"100\" viewBox=\"0 0 100 100\"><g id=\"vision\" transform=\"translate(-227 -834)\"><rect id=\"Rectangle_15\" data-name=\"Rectangle 15\" width=\"100\" height=\"100\" transform=\"translate(227 834)\" fill=\"none\"><\/rect><g id=\"Laag_2\" data-name=\"Laag 2\" transform=\"translate(235.326 840.349)\"><g id=\"Icons\" transform=\"translate(0 0)\"><g id=\"Group_43\" data-name=\"Group 43\"><ellipse id=\"Ellipse_23\" data-name=\"Ellipse 23\" cx=\"1.663\" cy=\"1.663\" rx=\"1.663\" ry=\"1.663\" transform=\"translate(36.786 43.237)\" fill=\"none\" stroke=\"#262626\" stroke-linecap=\"round\" stroke-linejoin=\"round\" stroke-width=\"2\"><\/ellipse><path id=\"Path_139\" data-name=\"Path 139\" d=\"M66.368,16.227a38.348,38.348,0,1,0,4.29,5.122\" transform=\"translate(-0.879 1.633)\" fill=\"none\" stroke=\"#262626\" stroke-linecap=\"round\" stroke-linejoin=\"round\" stroke-width=\"2\"><\/path><path id=\"Path_140\" data-name=\"Path 140\" d=\"M51.7,20.337a25.078,25.078,0,1,0,4.058,5.355\" transform=\"translate(4.397 6.92)\" fill=\"none\" stroke=\"#262626\" stroke-linecap=\"round\" stroke-linejoin=\"round\" stroke-width=\"2\"><\/path><path id=\"Path_141\" data-name=\"Path 141\" d=\"M36.956,24.443a11.641,11.641,0,1,0,3.326,8.232,11.841,11.841,0,0,0-.183-2.045\" transform=\"translate(9.808 12.226)\" fill=\"none\" stroke=\"#262626\" stroke-linecap=\"round\" stroke-linejoin=\"round\" stroke-width=\"2\"><\/path><line id=\"Line_21\" data-name=\"Line 21\" x1=\"39.911\" y2=\"39.911\" transform=\"translate(38.449 4.989)\" fill=\"none\" stroke=\"#262626\" stroke-linecap=\"round\" stroke-linejoin=\"round\" stroke-width=\"2\"><\/line><path id=\"Path_142\" data-name=\"Path 142\" d=\"M50.978,5,57.63,8.326l-6.652,6.652H41\" transform=\"translate(25.719 1.652)\" fill=\"none\" stroke=\"#262626\" stroke-linecap=\"round\" stroke-linejoin=\"round\" stroke-width=\"2\"><\/path><path id=\"Path_143\" data-name=\"Path 143\" d=\"M50.978,7.652,47.652,1,41,7.652V17.63\" transform=\"translate(25.719 -1)\" fill=\"none\" stroke=\"#262626\" stroke-linecap=\"round\" stroke-linejoin=\"round\" stroke-width=\"2\"><\/path><\/g><\/g><\/g><\/g><\/svg>\t\t\t\t<\/span>\n\t\t\t<\/div>\n\t\t\t\n\t\t\t\t\t\t<div class=\"elementor-icon-box-content\">\n\n\t\t\t\t\t\t\t\t\t<h4 class=\"elementor-icon-box-title\">\n\t\t\t\t\t\t<span  >\n\t\t\t\t\t\t\tVisione\t\t\t\t\t\t<\/span>\n\t\t\t\t\t<\/h4>\n\t\t\t\t\n\t\t\t\t\t\t\t\t\t<p class=\"elementor-icon-box-description\">\n\t\t\t\t\t\tAiutare le aziende del settore dei DPI e le persone di tutto il mondo a realizzare pienamente le loro ambizioni di crescita, facendo il giusto abbinamento tra cultura e candidato.\t\t\t\t\t<\/p>\n\t\t\t\t\n\t\t\t<\/div>\n\t\t\t\n\t\t<\/div>\n\t\t\t\t\t\t<\/div>\n\t\t\t\t<\/div>\n\t\t\t\t<div class=\"elementor-element elementor-element-22d4565 elementor-position-inline-start elementor-view-default elementor-mobile-position-block-start elementor-widget elementor-widget-icon-box\" data-id=\"22d4565\" data-element_type=\"widget\" data-e-type=\"widget\" data-widget_type=\"icon-box.default\">\n\t\t\t\t<div class=\"elementor-widget-container\">\n\t\t\t\t\t\t\t<div class=\"elementor-icon-box-wrapper\">\n\n\t\t\t\t\t\t<div class=\"elementor-icon-box-icon\">\n\t\t\t\t<span  class=\"elementor-icon\">\n\t\t\t\t<svg xmlns=\"http:\/\/www.w3.org\/2000\/svg\" width=\"100\" height=\"100\" viewBox=\"0 0 100 100\"><g id=\"mission\" transform=\"translate(-227 -834)\"><rect id=\"Rectangle_15\" data-name=\"Rectangle 15\" width=\"100\" height=\"100\" transform=\"translate(227 834)\" fill=\"none\"><\/rect><g id=\"Laag_2\" data-name=\"Laag 2\" transform=\"translate(245.078 845.265)\"><g id=\"Icons\" transform=\"translate(0 0)\"><g id=\"Group_42\" data-name=\"Group 42\"><ellipse id=\"Ellipse_22\" data-name=\"Ellipse 22\" cx=\"8.315\" cy=\"8.315\" rx=\"8.315\" ry=\"8.315\" transform=\"translate(8.315)\" fill=\"none\" stroke=\"#262626\" stroke-linecap=\"round\" stroke-linejoin=\"round\" stroke-width=\"2\"><\/ellipse><path id=\"Path_136\" data-name=\"Path 136\" d=\"M24.956,26.97V69.226a1.663,1.663,0,0,1-1.663,1.663H6.663A1.663,1.663,0,0,1,5,69.226V21\" transform=\"translate(1.652 12.259)\" fill=\"none\" stroke=\"#262626\" stroke-linecap=\"round\" stroke-linejoin=\"round\" stroke-width=\"2\"><\/path><line id=\"Line_19\" data-name=\"Line 19\" y2=\"28.271\" transform=\"translate(16.63 54.878)\" fill=\"none\" stroke=\"#262626\" stroke-linecap=\"round\" stroke-linejoin=\"round\" stroke-width=\"2\"><\/line><path id=\"Path_137\" data-name=\"Path 137\" d=\"M7.652,47.922A6.652,6.652,0,0,1,1,41.271V20.833a6.652,6.652,0,0,1,4.174-6.17L9.315,13l8.315,8.315L25.945,13l4.141,1.663a6.652,6.652,0,0,1,4.174,6.17V30.894a1.663,1.663,0,0,0,.482,1.164l6.735,6.735a3.476,3.476,0,0,1,.482,4.407,3.326,3.326,0,0,1-4.989.416L29.137,35.8a4.989,4.989,0,0,1-1.53-3.526V26.3\" transform=\"translate(-1 6.956)\" fill=\"none\" stroke=\"#262626\" stroke-linecap=\"round\" stroke-linejoin=\"round\" stroke-width=\"2\"><\/path><line id=\"Line_20\" data-name=\"Line 20\" y2=\"79.823\" transform=\"translate(43.237 3.326)\" fill=\"none\" stroke=\"#262626\" stroke-linecap=\"round\" stroke-linejoin=\"round\" stroke-width=\"2\"><\/line><path id=\"Path_138\" data-name=\"Path 138\" d=\"M53.608,19.63H27V3H53.608l-6.652,8.315Z\" transform=\"translate(16.237 0.326)\" fill=\"none\" stroke=\"#262626\" stroke-linecap=\"round\" stroke-linejoin=\"round\" stroke-width=\"2\"><\/path><\/g><\/g><\/g><\/g><\/svg>\t\t\t\t<\/span>\n\t\t\t<\/div>\n\t\t\t\n\t\t\t\t\t\t<div class=\"elementor-icon-box-content\">\n\n\t\t\t\t\t\t\t\t\t<h4 class=\"elementor-icon-box-title\">\n\t\t\t\t\t\t<span  >\n\t\t\t\t\t\t\tMissione\t\t\t\t\t\t<\/span>\n\t\t\t\t\t<\/h4>\n\t\t\t\t\n\t\t\t\t\t\t\t\t\t<p class=\"elementor-icon-box-description\">\n\t\t\t\t\t\tCon la passione per le persone e gli affari, collegare i professionisti pi\u00f9 adatti alle aziende dell'industria globale dei DPI.\t\t\t\t\t<\/p>\n\t\t\t\t\n\t\t\t<\/div>\n\t\t\t\n\t\t<\/div>\n\t\t\t\t\t\t<\/div>\n\t\t\t\t<\/div>\n\t\t\t\t<div class=\"elementor-element elementor-element-5ae0c6e elementor-position-inline-start elementor-view-default elementor-mobile-position-block-start elementor-widget elementor-widget-icon-box\" data-id=\"5ae0c6e\" data-element_type=\"widget\" data-e-type=\"widget\" data-widget_type=\"icon-box.default\">\n\t\t\t\t<div class=\"elementor-widget-container\">\n\t\t\t\t\t\t\t<div class=\"elementor-icon-box-wrapper\">\n\n\t\t\t\t\t\t<div class=\"elementor-icon-box-icon\">\n\t\t\t\t<span  class=\"elementor-icon\">\n\t\t\t\t<svg xmlns=\"http:\/\/www.w3.org\/2000\/svg\" width=\"100\" height=\"100\" viewBox=\"0 0 100 100\"><g id=\"values\" transform=\"translate(-226 -834)\"><rect id=\"Rectangle_15\" data-name=\"Rectangle 15\" width=\"100\" height=\"100\" transform=\"translate(226 834)\" fill=\"none\"><\/rect><g id=\"Icons\" transform=\"translate(227 842.426)\"><g id=\"Group_41\" data-name=\"Group 41\"><path id=\"Path_132\" data-name=\"Path 132\" d=\"M39,5H58.956V18.071A6.652,6.652,0,0,1,56,23.609L39,34.934\" transform=\"translate(24.193 1.652)\" fill=\"none\" stroke=\"#262626\" stroke-linecap=\"round\" stroke-linejoin=\"round\" stroke-width=\"2\"><\/path><path id=\"Path_133\" data-name=\"Path 133\" d=\"M20.956,5H1V18.071a6.652,6.652,0,0,0,2.96,5.538l17,11.325\" transform=\"translate(-1 1.652)\" fill=\"none\" stroke=\"#262626\" stroke-linecap=\"round\" stroke-linejoin=\"round\" stroke-width=\"2\"><\/path><path id=\"Path_134\" data-name=\"Path 134\" d=\"M56.237,43.838V1H13V43.838a6.652,6.652,0,0,0,3.16,5.671l13.47,8.315V72.508L15.378,76.782A3.326,3.326,0,0,0,13,79.975v4.174H56.237V79.975a3.326,3.326,0,0,0-2.378-3.193L39.608,72.508V57.791l13.47-8.315A6.652,6.652,0,0,0,56.237,43.838Z\" transform=\"translate(6.956 -1)\" fill=\"none\" stroke=\"#262626\" stroke-linecap=\"round\" stroke-linejoin=\"round\" stroke-width=\"2\"><\/path><path id=\"Path_135\" data-name=\"Path 135\" d=\"M30.641,28.307l-7.2,3.975,1.38-8.431L19,17.9l8.032-1.231L30.641,9l3.609,7.666L42.282,17.9l-5.82,5.953,1.38,8.431Z\" transform=\"translate(10.933 4.304)\" fill=\"none\" stroke=\"#262626\" stroke-linecap=\"round\" stroke-linejoin=\"round\" stroke-width=\"2\"><\/path><\/g><\/g><\/g><\/svg>\t\t\t\t<\/span>\n\t\t\t<\/div>\n\t\t\t\n\t\t\t\t\t\t<div class=\"elementor-icon-box-content\">\n\n\t\t\t\t\t\t\t\t\t<h4 class=\"elementor-icon-box-title\">\n\t\t\t\t\t\t<span  >\n\t\t\t\t\t\t\tI NOSTRI VALORI FONDAMENTALI\t\t\t\t\t\t<\/span>\n\t\t\t\t\t<\/h4>\n\t\t\t\t\n\t\t\t\t\t\t\t\t\t<p class=\"elementor-icon-box-description\">\n\t\t\t\t\t\t<b>Passione:<\/b> tutto quello che facciamo, lo facciamo con passione. Usiamo quest'energia per innescare delle belle cose, per ispirare e per fornire il miglior risultato - sia per l'azienda che per il candidato.<br><br>\r\n \r\n<b>Ambasciatore:<\/b> ci comportiamo come un buon padrone di casa, in modo che le persone, le marche e le aziende si sentano rappresentate.<br><br>\r\n\r\n<b>Affidabile:<\/b> diciamo quello che facciamo e facciamo quello che diciamo. In modo trasparente, attento e responsabile.<br><br>\r\n\r\n<b>Leadership inclusiva:<\/b> coinvolgere, motivare e valorizzare le persone porta crescita e felicit\u00e0. Con una buona leadership contribuiamo ogni giorno ad un mondo migliore.<br><br>\r\n\r\n<b>Diversit\u00e0:<\/b> Culture Fitter crede che le persone con delle idee, degli interessi e dei background culturali diversi siano necessari per la crescita. Incoraggiamo i dialoghi costruttivi e la diversit\u00e0 di opinioni. E crediamo che sia importante che le persone possano essere s\u00e9 stesse.\t\t\t\t\t<\/p>\n\t\t\t\t\n\t\t\t<\/div>\n\t\t\t\n\t\t<\/div>\n\t\t\t\t\t\t<\/div>\n\t\t\t\t<\/div>\n\t\t\t\t\t<\/div>\n\t\t<\/div>\n\t\t\t\t<div class=\"elementor-column elementor-col-50 elementor-top-column elementor-element elementor-element-3aded64\" data-id=\"3aded64\" data-element_type=\"column\" data-e-type=\"column\">\n\t\t\t<div class=\"elementor-widget-wrap\">\n\t\t\t\t\t\t\t<\/div>\n\t\t<\/div>\n\t\t\t\t\t<\/div>\n\t\t<\/section>\n\t\t\t\t<section class=\"elementor-section elementor-top-section elementor-element elementor-element-2f27199 elementor-section-boxed elementor-section-height-default elementor-section-height-default\" data-id=\"2f27199\" data-element_type=\"section\" data-e-type=\"section\" data-settings=\"{&quot;background_background&quot;:&quot;classic&quot;}\">\n\t\t\t\t\t\t<div class=\"elementor-container elementor-column-gap-default\">\n\t\t\t\t\t<div class=\"elementor-column elementor-col-50 elementor-top-column elementor-element elementor-element-0d05513\" data-id=\"0d05513\" data-element_type=\"column\" data-e-type=\"column\">\n\t\t\t<div class=\"elementor-widget-wrap elementor-element-populated\">\n\t\t\t\t\t\t<div class=\"elementor-element elementor-element-71b916a elementor-widget elementor-widget-heading\" data-id=\"71b916a\" data-element_type=\"widget\" data-e-type=\"widget\" data-widget_type=\"heading.default\">\n\t\t\t\t<div class=\"elementor-widget-container\">\n\t\t\t\t\t<h4 class=\"elementor-heading-title elementor-size-default\">VUOLE SAPERNE DI PI\u00d9?<\/h4>\t\t\t\t<\/div>\n\t\t\t\t<\/div>\n\t\t\t\t<div class=\"elementor-element elementor-element-bb77598 elementor-widget elementor-widget-text-editor\" data-id=\"bb77598\" data-element_type=\"widget\" data-e-type=\"widget\" data-widget_type=\"text-editor.default\">\n\t\t\t\t<div class=\"elementor-widget-container\">\n\t\t\t\t\t\t\t\t\t<p>Vuole sapere cosa possiamo fare per lei? Ci mandi una email o meglio ancora ci chiami!<\/p>\n\t\t\t\t\t\t\t\t<\/div>\n\t\t\t\t<\/div>\n\t\t\t\t\t<\/div>\n\t\t<\/div>\n\t\t\t\t<div class=\"elementor-column elementor-col-50 elementor-top-column elementor-element elementor-element-ecfc764\" data-id=\"ecfc764\" data-element_type=\"column\" data-e-type=\"column\">\n\t\t\t<div class=\"elementor-widget-wrap elementor-element-populated\">\n\t\t\t\t\t\t<div class=\"elementor-element elementor-element-bbbd79d elementor-align-center elementor-mobile-align-left elementor-widget elementor-widget-button\" data-id=\"bbbd79d\" data-element_type=\"widget\" data-e-type=\"widget\" data-widget_type=\"button.default\">\n\t\t\t\t<div class=\"elementor-widget-container\">\n\t\t\t\t\t\t\t\t\t<div class=\"elementor-button-wrapper\">\n\t\t\t\t\t<a class=\"elementor-button elementor-button-link elementor-size-sm\" href=\"https:\/\/www.culturefitter.com\/it\/contattaci\/\">\n\t\t\t\t\t\t<span class=\"elementor-button-content-wrapper\">\n\t\t\t\t\t\t\t\t\t<span class=\"elementor-button-text\">Contattaci<\/span>\n\t\t\t\t\t<\/span>\n\t\t\t\t\t<\/a>\n\t\t\t\t<\/div>\n\t\t\t\t\t\t\t\t<\/div>\n\t\t\t\t<\/div>\n\t\t\t\t\t<\/div>\n\t\t<\/div>\n\t\t\t\t\t<\/div>\n\t\t<\/section>\n\t\t\t\t<\/div>\n\t\t","protected":false},"excerpt":{"rendered":"<p>Chi siamo Cosa c\u2019\u00e8 di meglio se non il poter connettere le persone giuste alla giusta cultura? Una cultura aziendale in cui le persone si riconoscono e in cui lavorano con piacere? Dove le persone imparano a sfruttare il loro potenziale a pieno? Il \u2018fit\u2019 perfetto tra persona e cultura Culture Fitter mette le persone [&hellip;]<\/p>\n","protected":false},"author":1,"featured_media":0,"parent":0,"menu_order":0,"comment_status":"closed","ping_status":"closed","template":"","meta":{"_acf_changed":false,"footnotes":""},"class_list":["post-573","page","type-page","status-publish","hentry"],"acf":[],"_links":{"self":[{"href":"https:\/\/www.culturefitter.com\/it\/wp-json\/wp\/v2\/pages\/573","targetHints":{"allow":["GET"]}}],"collection":[{"href":"https:\/\/www.culturefitter.com\/it\/wp-json\/wp\/v2\/pages"}],"about":[{"href":"https:\/\/www.culturefitter.com\/it\/wp-json\/wp\/v2\/types\/page"}],"author":[{"embeddable":true,"href":"https:\/\/www.culturefitter.com\/it\/wp-json\/wp\/v2\/users\/1"}],"replies":[{"embeddable":true,"href":"https:\/\/www.culturefitter.com\/it\/wp-json\/wp\/v2\/comments?post=573"}],"version-history":[{"count":0,"href":"https:\/\/www.culturefitter.com\/it\/wp-json\/wp\/v2\/pages\/573\/revisions"}],"wp:attachment":[{"href":"https:\/\/www.culturefitter.com\/it\/wp-json\/wp\/v2\/media?parent=573"}],"curies":[{"name":"wp","href":"https:\/\/api.w.org\/{rel}","templated":true}]}}